{"id":50453,"date":"2026-04-30T00:01:58","date_gmt":"2026-04-29T21:01:58","guid":{"rendered":"https:\/\/rezekne.citro.lv\/veikals\/saldejums-dolfin-polaretti-fruit-10x40ml-400g\/"},"modified":"2026-04-30T00:02:03","modified_gmt":"2026-04-29T21:02:03","slug":"saldejums-sulas-dolfin-polaretti-fruit-zem-kirsuapels-citr-400ml-400g","status":"publish","type":"product","link":"https:\/\/rezekne.citro.lv\/ru\/product\/saldejums-sulas-dolfin-polaretti-fruit-zem-kirsuapels-citr-400ml-400g\/","title":{"rendered":"SALD\u0112JUMS SULAS DOLFIN POLARETTI FRUIT ZEM.,\u0136IR\u0160U,APELS.,CITR. 400ML\/400G"},"content":{"rendered":"<p>Izcelsmes valsts: It\u0101lija<\/p>\n","protected":false},"excerpt":{"rendered":"<p>6.48 \u20ac\/KG<\/p>\n","protected":false},"featured_media":50580,"template":"","meta":{"_acf_changed":false,"inline_featured_image":false},"product_cat":[233,234],"product_tag":[],"acf":[],"aioseo_notices":[],"_links":{"self":[{"href":"https:\/\/rezekne.citro.lv\/ru\/wp-json\/wp\/v2\/product\/50453"}],"collection":[{"href":"https:\/\/rezekne.citro.lv\/ru\/wp-json\/wp\/v2\/product"}],"about":[{"href":"https:\/\/rezekne.citro.lv\/ru\/wp-json\/wp\/v2\/types\/product"}],"wp:featuredmedia":[{"embeddable":true,"href":"https:\/\/rezekne.citro.lv\/ru\/wp-json\/wp\/v2\/media\/50580"}],"wp:attachment":[{"href":"https:\/\/rezekne.citro.lv\/ru\/wp-json\/wp\/v2\/media?parent=50453"}],"wp:term":[{"taxonomy":"product_cat","embeddable":true,"href":"https:\/\/rezekne.citro.lv\/ru\/wp-json\/wp\/v2\/product_cat?post=50453"},{"taxonomy":"product_tag","embeddable":true,"href":"https:\/\/rezekne.citro.lv\/ru\/wp-json\/wp\/v2\/product_tag?post=50453"}],"curies":[{"name":"wp","href":"https:\/\/api.w.org\/{rel}","templated":true}]}}