{"id":50468,"date":"2025-12-09T00:02:25","date_gmt":"2025-12-08T22:02:25","guid":{"rendered":"https:\/\/rezekne.citro.lv\/veikals\/zivs-kalmars-gredzeni-beer-club-classic-43g-fishka-ltd\/"},"modified":"2026-04-23T06:12:51","modified_gmt":"2026-04-23T03:12:51","slug":"zivs-kalmars-gredzeni-beer-club-classic-43g-fishka-ltd","status":"publish","type":"product","link":"https:\/\/rezekne.citro.lv\/ru\/product\/zivs-kalmars-gredzeni-beer-club-classic-43g-fishka-ltd\/","title":{"rendered":"ZIVS KALM\u0100RS GREDZENI BEER CLUB CLASSIC 43G FISHKA LTD"},"content":{"rendered":"<p>Izcelsmes valsts: \u0136\u012bna<\/p>\n","protected":false},"excerpt":{"rendered":"<p>48.60 \u20ac\/KG<\/p>\n","protected":false},"featured_media":50595,"template":"","meta":{"_acf_changed":false,"inline_featured_image":false},"product_cat":[135,136],"product_tag":[],"acf":[],"aioseo_notices":[],"_links":{"self":[{"href":"https:\/\/rezekne.citro.lv\/ru\/wp-json\/wp\/v2\/product\/50468"}],"collection":[{"href":"https:\/\/rezekne.citro.lv\/ru\/wp-json\/wp\/v2\/product"}],"about":[{"href":"https:\/\/rezekne.citro.lv\/ru\/wp-json\/wp\/v2\/types\/product"}],"wp:featuredmedia":[{"embeddable":true,"href":"https:\/\/rezekne.citro.lv\/ru\/wp-json\/wp\/v2\/media\/50595"}],"wp:attachment":[{"href":"https:\/\/rezekne.citro.lv\/ru\/wp-json\/wp\/v2\/media?parent=50468"}],"wp:term":[{"taxonomy":"product_cat","embeddable":true,"href":"https:\/\/rezekne.citro.lv\/ru\/wp-json\/wp\/v2\/product_cat?post=50468"},{"taxonomy":"product_tag","embeddable":true,"href":"https:\/\/rezekne.citro.lv\/ru\/wp-json\/wp\/v2\/product_tag?post=50468"}],"curies":[{"name":"wp","href":"https:\/\/api.w.org\/{rel}","templated":true}]}}