{"id":50639,"date":"2026-02-26T00:47:08","date_gmt":"2026-02-25T22:47:08","guid":{"rendered":"https:\/\/rezekne.citro.lv\/veikals\/kukuruzas-parslas-a-varamas-valdo-500g\/"},"modified":"2026-05-09T06:28:08","modified_gmt":"2026-05-09T03:28:08","slug":"kukuruzas-parslas-a-varamas-valdo-500g","status":"publish","type":"product","link":"https:\/\/rezekne.citro.lv\/ru\/product\/kukuruzas-parslas-a-varamas-valdo-500g\/","title":{"rendered":"KUKUR\u016aZAS P\u0100RSLAS \u0100\/V\u0100R\u0100M\u0100S VALDO 500G"},"content":{"rendered":"<p>Izcelsmes valsts: Ukraina<\/p>\n","protected":false},"excerpt":{"rendered":"<p>4.38 \u20ac\/KG<\/p>\n","protected":false},"featured_media":50608,"template":"","meta":{"_acf_changed":false,"inline_featured_image":false},"product_cat":[118,123],"product_tag":[],"acf":[],"aioseo_notices":[],"_links":{"self":[{"href":"https:\/\/rezekne.citro.lv\/ru\/wp-json\/wp\/v2\/product\/50639"}],"collection":[{"href":"https:\/\/rezekne.citro.lv\/ru\/wp-json\/wp\/v2\/product"}],"about":[{"href":"https:\/\/rezekne.citro.lv\/ru\/wp-json\/wp\/v2\/types\/product"}],"wp:featuredmedia":[{"embeddable":true,"href":"https:\/\/rezekne.citro.lv\/ru\/wp-json\/wp\/v2\/media\/50608"}],"wp:attachment":[{"href":"https:\/\/rezekne.citro.lv\/ru\/wp-json\/wp\/v2\/media?parent=50639"}],"wp:term":[{"taxonomy":"product_cat","embeddable":true,"href":"https:\/\/rezekne.citro.lv\/ru\/wp-json\/wp\/v2\/product_cat?post=50639"},{"taxonomy":"product_tag","embeddable":true,"href":"https:\/\/rezekne.citro.lv\/ru\/wp-json\/wp\/v2\/product_tag?post=50639"}],"curies":[{"name":"wp","href":"https:\/\/api.w.org\/{rel}","templated":true}]}}