{"id":50767,"date":"2026-03-26T00:46:19","date_gmt":"2026-03-25T22:46:19","guid":{"rendered":"https:\/\/rezekne.citro.lv\/veikals\/ella-rapsu-brolio-rafin-1l\/"},"modified":"2026-04-07T06:03:46","modified_gmt":"2026-04-07T03:03:46","slug":"ella-rapsu-brolio-rafin-1l","status":"publish","type":"product","link":"https:\/\/rezekne.citro.lv\/ru\/product\/ella-rapsu-brolio-rafin-1l\/","title":{"rendered":"E\u013b\u013bA RAP\u0160U BROLIO RAFIN. 1L"},"content":{"rendered":"<p>Izcelsmes valsts: V\u0101cija<\/p>\n","protected":false},"excerpt":{"rendered":"<p>2.89 \u20ac\/L<\/p>\n","protected":false},"featured_media":50839,"template":"","meta":{"_acf_changed":false,"inline_featured_image":false},"product_cat":[116,164],"product_tag":[],"acf":[],"aioseo_notices":[],"_links":{"self":[{"href":"https:\/\/rezekne.citro.lv\/ru\/wp-json\/wp\/v2\/product\/50767"}],"collection":[{"href":"https:\/\/rezekne.citro.lv\/ru\/wp-json\/wp\/v2\/product"}],"about":[{"href":"https:\/\/rezekne.citro.lv\/ru\/wp-json\/wp\/v2\/types\/product"}],"wp:featuredmedia":[{"embeddable":true,"href":"https:\/\/rezekne.citro.lv\/ru\/wp-json\/wp\/v2\/media\/50839"}],"wp:attachment":[{"href":"https:\/\/rezekne.citro.lv\/ru\/wp-json\/wp\/v2\/media?parent=50767"}],"wp:term":[{"taxonomy":"product_cat","embeddable":true,"href":"https:\/\/rezekne.citro.lv\/ru\/wp-json\/wp\/v2\/product_cat?post=50767"},{"taxonomy":"product_tag","embeddable":true,"href":"https:\/\/rezekne.citro.lv\/ru\/wp-json\/wp\/v2\/product_tag?post=50767"}],"curies":[{"name":"wp","href":"https:\/\/api.w.org\/{rel}","templated":true}]}}