{"id":50770,"date":"2026-02-05T00:02:56","date_gmt":"2026-02-04T22:02:56","guid":{"rendered":"https:\/\/rezekne.citro.lv\/veikals\/ella-ar-cili-tomatu-un-baziliku-floriol-250ml\/"},"modified":"2026-02-05T00:03:00","modified_gmt":"2026-02-04T22:03:00","slug":"ella-ar-cili-tomatu-un-baziliku-floriol-250ml","status":"publish","type":"product","link":"https:\/\/rezekne.citro.lv\/ru\/product\/ella-ar-cili-tomatu-un-baziliku-floriol-250ml\/","title":{"rendered":"E\u013b\u013bA AR \u010cILI, TOM\u0100TU UN BAZILIKU FLORIOL 250ML"},"content":{"rendered":"<p>Izcelsmes valsts: Polija<\/p>\n","protected":false},"excerpt":{"rendered":"<p>11.56 \u20ac\/L<\/p>\n","protected":false},"featured_media":51376,"template":"","meta":{"_acf_changed":false,"inline_featured_image":false},"product_cat":[116,164],"product_tag":[],"acf":[],"aioseo_notices":[],"_links":{"self":[{"href":"https:\/\/rezekne.citro.lv\/ru\/wp-json\/wp\/v2\/product\/50770"}],"collection":[{"href":"https:\/\/rezekne.citro.lv\/ru\/wp-json\/wp\/v2\/product"}],"about":[{"href":"https:\/\/rezekne.citro.lv\/ru\/wp-json\/wp\/v2\/types\/product"}],"wp:featuredmedia":[{"embeddable":true,"href":"https:\/\/rezekne.citro.lv\/ru\/wp-json\/wp\/v2\/media\/51376"}],"wp:attachment":[{"href":"https:\/\/rezekne.citro.lv\/ru\/wp-json\/wp\/v2\/media?parent=50770"}],"wp:term":[{"taxonomy":"product_cat","embeddable":true,"href":"https:\/\/rezekne.citro.lv\/ru\/wp-json\/wp\/v2\/product_cat?post=50770"},{"taxonomy":"product_tag","embeddable":true,"href":"https:\/\/rezekne.citro.lv\/ru\/wp-json\/wp\/v2\/product_tag?post=50770"}],"curies":[{"name":"wp","href":"https:\/\/api.w.org\/{rel}","templated":true}]}}