{"id":50774,"date":"2026-02-26T01:04:18","date_gmt":"2026-02-25T23:04:18","guid":{"rendered":"https:\/\/rezekne.citro.lv\/veikals\/olivella-borges-extra-light-500ml\/"},"modified":"2026-02-26T01:04:24","modified_gmt":"2026-02-25T23:04:24","slug":"olivella-borges-extra-light-500ml","status":"publish","type":"product","link":"https:\/\/rezekne.citro.lv\/ru\/product\/olivella-borges-extra-light-500ml\/","title":{"rendered":"OL\u012aVE\u013b\u013bA BORGES EXTRA LIGHT 500ML"},"content":{"rendered":"<p>Izcelsmes valsts: Sp\u0101nija<\/p>\n","protected":false},"excerpt":{"rendered":"<p>25.98 \u20ac\/L<\/p>\n","protected":false},"featured_media":31798,"template":"","meta":{"_acf_changed":false,"inline_featured_image":false},"product_cat":[116,164],"product_tag":[],"acf":[],"aioseo_notices":[],"_links":{"self":[{"href":"https:\/\/rezekne.citro.lv\/ru\/wp-json\/wp\/v2\/product\/50774"}],"collection":[{"href":"https:\/\/rezekne.citro.lv\/ru\/wp-json\/wp\/v2\/product"}],"about":[{"href":"https:\/\/rezekne.citro.lv\/ru\/wp-json\/wp\/v2\/types\/product"}],"wp:featuredmedia":[{"embeddable":true,"href":"https:\/\/rezekne.citro.lv\/ru\/wp-json\/wp\/v2\/media\/31798"}],"wp:attachment":[{"href":"https:\/\/rezekne.citro.lv\/ru\/wp-json\/wp\/v2\/media?parent=50774"}],"wp:term":[{"taxonomy":"product_cat","embeddable":true,"href":"https:\/\/rezekne.citro.lv\/ru\/wp-json\/wp\/v2\/product_cat?post=50774"},{"taxonomy":"product_tag","embeddable":true,"href":"https:\/\/rezekne.citro.lv\/ru\/wp-json\/wp\/v2\/product_tag?post=50774"}],"curies":[{"name":"wp","href":"https:\/\/api.w.org\/{rel}","templated":true}]}}