{"id":50781,"date":"2026-04-23T01:30:08","date_gmt":"2026-04-22T22:30:08","guid":{"rendered":"https:\/\/rezekne.citro.lv\/veikals\/olivella-extra-virgin-santolino-0-25l\/"},"modified":"2026-05-10T06:29:24","modified_gmt":"2026-05-10T03:29:24","slug":"olivella-extra-virgin-santolino-0-25l","status":"publish","type":"product","link":"https:\/\/rezekne.citro.lv\/ru\/product\/olivella-extra-virgin-santolino-0-25l\/","title":{"rendered":"OL\u012aVE\u013b\u013bA EXTRA VIRGIN SANTOLINO 0.25L"},"content":{"rendered":"<p>Izcelsmes valsts: It\u0101lija<\/p>\n","protected":false},"excerpt":{"rendered":"<p>15.96 \u20ac\/L<\/p>\n","protected":false},"featured_media":50830,"template":"","meta":{"_acf_changed":false,"inline_featured_image":false},"product_cat":[116,164],"product_tag":[],"acf":[],"aioseo_notices":[],"_links":{"self":[{"href":"https:\/\/rezekne.citro.lv\/ru\/wp-json\/wp\/v2\/product\/50781"}],"collection":[{"href":"https:\/\/rezekne.citro.lv\/ru\/wp-json\/wp\/v2\/product"}],"about":[{"href":"https:\/\/rezekne.citro.lv\/ru\/wp-json\/wp\/v2\/types\/product"}],"wp:featuredmedia":[{"embeddable":true,"href":"https:\/\/rezekne.citro.lv\/ru\/wp-json\/wp\/v2\/media\/50830"}],"wp:attachment":[{"href":"https:\/\/rezekne.citro.lv\/ru\/wp-json\/wp\/v2\/media?parent=50781"}],"wp:term":[{"taxonomy":"product_cat","embeddable":true,"href":"https:\/\/rezekne.citro.lv\/ru\/wp-json\/wp\/v2\/product_cat?post=50781"},{"taxonomy":"product_tag","embeddable":true,"href":"https:\/\/rezekne.citro.lv\/ru\/wp-json\/wp\/v2\/product_tag?post=50781"}],"curies":[{"name":"wp","href":"https:\/\/api.w.org\/{rel}","templated":true}]}}