{"id":50782,"date":"2026-04-23T00:48:23","date_gmt":"2026-04-22T21:48:23","guid":{"rendered":"https:\/\/rezekne.citro.lv\/veikals\/ella-saulenite-saulespuku-0-9l\/"},"modified":"2026-05-03T06:25:31","modified_gmt":"2026-05-03T03:25:31","slug":"ella-saulenite-saulespuku-0-9l","status":"publish","type":"product","link":"https:\/\/rezekne.citro.lv\/ru\/product\/ella-saulenite-saulespuku-0-9l\/","title":{"rendered":"E\u013b\u013bA SAULEN\u012aTE SAULESPU\u0136U 0.9L"},"content":{"rendered":"<p>Izcelsmes valsts: Ukraina<\/p>\n","protected":false},"excerpt":{"rendered":"<p>2.66 \u20ac\/L<\/p>\n","protected":false},"featured_media":50792,"template":"","meta":{"_acf_changed":false,"inline_featured_image":false},"product_cat":[116,164],"product_tag":[],"acf":[],"aioseo_notices":[],"_links":{"self":[{"href":"https:\/\/rezekne.citro.lv\/ru\/wp-json\/wp\/v2\/product\/50782"}],"collection":[{"href":"https:\/\/rezekne.citro.lv\/ru\/wp-json\/wp\/v2\/product"}],"about":[{"href":"https:\/\/rezekne.citro.lv\/ru\/wp-json\/wp\/v2\/types\/product"}],"wp:featuredmedia":[{"embeddable":true,"href":"https:\/\/rezekne.citro.lv\/ru\/wp-json\/wp\/v2\/media\/50792"}],"wp:attachment":[{"href":"https:\/\/rezekne.citro.lv\/ru\/wp-json\/wp\/v2\/media?parent=50782"}],"wp:term":[{"taxonomy":"product_cat","embeddable":true,"href":"https:\/\/rezekne.citro.lv\/ru\/wp-json\/wp\/v2\/product_cat?post=50782"},{"taxonomy":"product_tag","embeddable":true,"href":"https:\/\/rezekne.citro.lv\/ru\/wp-json\/wp\/v2\/product_tag?post=50782"}],"curies":[{"name":"wp","href":"https:\/\/api.w.org\/{rel}","templated":true}]}}