{"id":50785,"date":"2026-04-23T01:31:35","date_gmt":"2026-04-22T22:31:35","guid":{"rendered":"https:\/\/rezekne.citro.lv\/veikals\/olivella-virgen-extra-abril-aerosols-200ml\/"},"modified":"2026-04-23T01:31:37","modified_gmt":"2026-04-22T22:31:37","slug":"olivella-virgen-extra-abril-aerosols-200ml","status":"publish","type":"product","link":"https:\/\/rezekne.citro.lv\/ru\/product\/olivella-virgen-extra-abril-aerosols-200ml\/","title":{"rendered":"OL\u012aVE\u013b\u013bA VIRGEN EXTRA ABRIL (AEROSOLS) 200ML"},"content":{"rendered":"<p>Izcelsmes valsts: Sp\u0101nija<\/p>\n","protected":false},"excerpt":{"rendered":"<p>22.45 \u20ac\/L<\/p>\n","protected":false},"featured_media":50827,"template":"","meta":{"_acf_changed":false,"inline_featured_image":false},"product_cat":[116,164],"product_tag":[],"acf":[],"aioseo_notices":[],"_links":{"self":[{"href":"https:\/\/rezekne.citro.lv\/ru\/wp-json\/wp\/v2\/product\/50785"}],"collection":[{"href":"https:\/\/rezekne.citro.lv\/ru\/wp-json\/wp\/v2\/product"}],"about":[{"href":"https:\/\/rezekne.citro.lv\/ru\/wp-json\/wp\/v2\/types\/product"}],"wp:featuredmedia":[{"embeddable":true,"href":"https:\/\/rezekne.citro.lv\/ru\/wp-json\/wp\/v2\/media\/50827"}],"wp:attachment":[{"href":"https:\/\/rezekne.citro.lv\/ru\/wp-json\/wp\/v2\/media?parent=50785"}],"wp:term":[{"taxonomy":"product_cat","embeddable":true,"href":"https:\/\/rezekne.citro.lv\/ru\/wp-json\/wp\/v2\/product_cat?post=50785"},{"taxonomy":"product_tag","embeddable":true,"href":"https:\/\/rezekne.citro.lv\/ru\/wp-json\/wp\/v2\/product_tag?post=50785"}],"curies":[{"name":"wp","href":"https:\/\/api.w.org\/{rel}","templated":true}]}}