{"id":50870,"date":"2026-03-26T01:04:18","date_gmt":"2026-03-25T23:04:18","guid":{"rendered":"https:\/\/rezekne.citro.lv\/veikals\/desinas-kabanos-klasiskas-vitinatas-100g\/"},"modified":"2026-04-07T15:00:27","modified_gmt":"2026-04-07T12:00:27","slug":"desinas-kabanos-klasiskas-vitinatas-100g","status":"publish","type":"product","link":"https:\/\/rezekne.citro.lv\/ru\/product\/desinas-kabanos-klasiskas-vitinatas-100g\/","title":{"rendered":"DESI\u0145AS KABANOS KLASISKAS V\u012aTIN\u0100TAS 100G"},"content":{"rendered":"<p>Izcelsmes valsts: Lietuva<\/p>\n","protected":false},"excerpt":{"rendered":"<p>20.90 \u20ac\/KG<\/p>\n","protected":false},"featured_media":51015,"template":"","meta":{"_acf_changed":false,"inline_featured_image":false},"product_cat":[135,178],"product_tag":[],"acf":[],"aioseo_notices":[],"_links":{"self":[{"href":"https:\/\/rezekne.citro.lv\/ru\/wp-json\/wp\/v2\/product\/50870"}],"collection":[{"href":"https:\/\/rezekne.citro.lv\/ru\/wp-json\/wp\/v2\/product"}],"about":[{"href":"https:\/\/rezekne.citro.lv\/ru\/wp-json\/wp\/v2\/types\/product"}],"wp:featuredmedia":[{"embeddable":true,"href":"https:\/\/rezekne.citro.lv\/ru\/wp-json\/wp\/v2\/media\/51015"}],"wp:attachment":[{"href":"https:\/\/rezekne.citro.lv\/ru\/wp-json\/wp\/v2\/media?parent=50870"}],"wp:term":[{"taxonomy":"product_cat","embeddable":true,"href":"https:\/\/rezekne.citro.lv\/ru\/wp-json\/wp\/v2\/product_cat?post=50870"},{"taxonomy":"product_tag","embeddable":true,"href":"https:\/\/rezekne.citro.lv\/ru\/wp-json\/wp\/v2\/product_tag?post=50870"}],"curies":[{"name":"wp","href":"https:\/\/api.w.org\/{rel}","templated":true}]}}