{"id":50871,"date":"2026-03-26T01:04:18","date_gmt":"2026-03-25T23:04:18","guid":{"rendered":"https:\/\/rezekne.citro.lv\/veikals\/desinas-kabanos-vitinatas-ar-sieru-100g\/"},"modified":"2026-05-06T06:28:31","modified_gmt":"2026-05-06T03:28:31","slug":"desinas-kabanos-vitinatas-ar-sieru-100g","status":"publish","type":"product","link":"https:\/\/rezekne.citro.lv\/ru\/product\/desinas-kabanos-vitinatas-ar-sieru-100g\/","title":{"rendered":"DESI\u0145AS KABANOS V\u012aTIN\u0100TAS AR SIERU 100G"},"content":{"rendered":"<p>Izcelsmes valsts: Lietuva<\/p>\n","protected":false},"excerpt":{"rendered":"<p>20.90 \u20ac\/KG<\/p>\n","protected":false},"featured_media":51013,"template":"","meta":{"_acf_changed":false,"inline_featured_image":false},"product_cat":[135,178],"product_tag":[],"acf":[],"aioseo_notices":[],"_links":{"self":[{"href":"https:\/\/rezekne.citro.lv\/ru\/wp-json\/wp\/v2\/product\/50871"}],"collection":[{"href":"https:\/\/rezekne.citro.lv\/ru\/wp-json\/wp\/v2\/product"}],"about":[{"href":"https:\/\/rezekne.citro.lv\/ru\/wp-json\/wp\/v2\/types\/product"}],"wp:featuredmedia":[{"embeddable":true,"href":"https:\/\/rezekne.citro.lv\/ru\/wp-json\/wp\/v2\/media\/51013"}],"wp:attachment":[{"href":"https:\/\/rezekne.citro.lv\/ru\/wp-json\/wp\/v2\/media?parent=50871"}],"wp:term":[{"taxonomy":"product_cat","embeddable":true,"href":"https:\/\/rezekne.citro.lv\/ru\/wp-json\/wp\/v2\/product_cat?post=50871"},{"taxonomy":"product_tag","embeddable":true,"href":"https:\/\/rezekne.citro.lv\/ru\/wp-json\/wp\/v2\/product_tag?post=50871"}],"curies":[{"name":"wp","href":"https:\/\/api.w.org\/{rel}","templated":true}]}}