{"id":50890,"date":"2025-09-11T07:04:40","date_gmt":"2025-09-11T04:04:40","guid":{"rendered":"https:\/\/rezekne.citro.lv\/veikals\/ok-snacks-cukadu-grauzdini-150g\/"},"modified":"2026-05-03T06:27:46","modified_gmt":"2026-05-03T03:27:46","slug":"ok-snacks-cukadu-grauzdini-150g","status":"publish","type":"product","link":"https:\/\/rezekne.citro.lv\/ru\/product\/ok-snacks-cukadu-grauzdini-150g\/","title":{"rendered":"OK SNACKS C\u016aK\u0100DU GRAUZDI\u0145I 150G"},"content":{"rendered":"<p>Izcelsmes valsts: D\u0101nija<\/p>\n","protected":false},"excerpt":{"rendered":"<p>19.93 \u20ac\/KG<\/p>\n","protected":false},"featured_media":50995,"template":"","meta":{"_acf_changed":false,"inline_featured_image":false},"product_cat":[125,228],"product_tag":[],"acf":[],"aioseo_notices":[],"_links":{"self":[{"href":"https:\/\/rezekne.citro.lv\/ru\/wp-json\/wp\/v2\/product\/50890"}],"collection":[{"href":"https:\/\/rezekne.citro.lv\/ru\/wp-json\/wp\/v2\/product"}],"about":[{"href":"https:\/\/rezekne.citro.lv\/ru\/wp-json\/wp\/v2\/types\/product"}],"wp:featuredmedia":[{"embeddable":true,"href":"https:\/\/rezekne.citro.lv\/ru\/wp-json\/wp\/v2\/media\/50995"}],"wp:attachment":[{"href":"https:\/\/rezekne.citro.lv\/ru\/wp-json\/wp\/v2\/media?parent=50890"}],"wp:term":[{"taxonomy":"product_cat","embeddable":true,"href":"https:\/\/rezekne.citro.lv\/ru\/wp-json\/wp\/v2\/product_cat?post=50890"},{"taxonomy":"product_tag","embeddable":true,"href":"https:\/\/rezekne.citro.lv\/ru\/wp-json\/wp\/v2\/product_tag?post=50890"}],"curies":[{"name":"wp","href":"https:\/\/api.w.org\/{rel}","templated":true}]}}