{"id":50891,"date":"2026-04-22T00:03:29","date_gmt":"2026-04-21T21:03:29","guid":{"rendered":"https:\/\/rezekne.citro.lv\/veikals\/jogurta-dzeriens-grieku-ar-meza-zemenem-275g\/"},"modified":"2026-04-22T00:03:32","modified_gmt":"2026-04-21T21:03:32","slug":"jogurta-dzeriens-grieku-ar-meza-zemenem-275g","status":"publish","type":"product","link":"https:\/\/rezekne.citro.lv\/ru\/product\/jogurta-dzeriens-grieku-ar-meza-zemenem-275g\/","title":{"rendered":"JOGURTA DZ\u0112RIENS ALMA GRIE\u0136U AR ME\u017dA ZEMEN\u0112M 275G"},"content":{"rendered":"<p>Izcelsmes valsts: Igaunija<\/p>\n","protected":false},"excerpt":{"rendered":"<p>4.33 \u20ac\/KG<\/p>\n","protected":false},"featured_media":50991,"template":"","meta":{"_acf_changed":false,"inline_featured_image":false},"product_cat":[95,100],"product_tag":[],"acf":[],"aioseo_notices":[],"_links":{"self":[{"href":"https:\/\/rezekne.citro.lv\/ru\/wp-json\/wp\/v2\/product\/50891"}],"collection":[{"href":"https:\/\/rezekne.citro.lv\/ru\/wp-json\/wp\/v2\/product"}],"about":[{"href":"https:\/\/rezekne.citro.lv\/ru\/wp-json\/wp\/v2\/types\/product"}],"wp:featuredmedia":[{"embeddable":true,"href":"https:\/\/rezekne.citro.lv\/ru\/wp-json\/wp\/v2\/media\/50991"}],"wp:attachment":[{"href":"https:\/\/rezekne.citro.lv\/ru\/wp-json\/wp\/v2\/media?parent=50891"}],"wp:term":[{"taxonomy":"product_cat","embeddable":true,"href":"https:\/\/rezekne.citro.lv\/ru\/wp-json\/wp\/v2\/product_cat?post=50891"},{"taxonomy":"product_tag","embeddable":true,"href":"https:\/\/rezekne.citro.lv\/ru\/wp-json\/wp\/v2\/product_tag?post=50891"}],"curies":[{"name":"wp","href":"https:\/\/api.w.org\/{rel}","templated":true}]}}