{"id":50915,"date":"2026-01-12T00:02:12","date_gmt":"2026-01-11T22:02:12","guid":{"rendered":"https:\/\/rezekne.citro.lv\/veikals\/lasa-fileja-mazsalita-skeles-100g\/"},"modified":"2026-05-05T06:11:34","modified_gmt":"2026-05-05T03:11:34","slug":"lasa-fileja-mazsalita-skeles-100g","status":"publish","type":"product","link":"https:\/\/rezekne.citro.lv\/ru\/product\/lasa-fileja-mazsalita-skeles-100g\/","title":{"rendered":"LA\u0160A FILEJA MAZS\u0100L\u012aTA \u0160\u0136\u0112LES 100G"},"content":{"rendered":"<p>Izcelsmes valsts: Latvija<\/p>\n","protected":false},"excerpt":{"rendered":"<p>39.90 \u20ac\/KG<\/p>\n","protected":false},"featured_media":50966,"template":"","meta":{"_acf_changed":false,"inline_featured_image":false},"product_cat":[135,136],"product_tag":[],"acf":[],"aioseo_notices":[],"_links":{"self":[{"href":"https:\/\/rezekne.citro.lv\/ru\/wp-json\/wp\/v2\/product\/50915"}],"collection":[{"href":"https:\/\/rezekne.citro.lv\/ru\/wp-json\/wp\/v2\/product"}],"about":[{"href":"https:\/\/rezekne.citro.lv\/ru\/wp-json\/wp\/v2\/types\/product"}],"wp:featuredmedia":[{"embeddable":true,"href":"https:\/\/rezekne.citro.lv\/ru\/wp-json\/wp\/v2\/media\/50966"}],"wp:attachment":[{"href":"https:\/\/rezekne.citro.lv\/ru\/wp-json\/wp\/v2\/media?parent=50915"}],"wp:term":[{"taxonomy":"product_cat","embeddable":true,"href":"https:\/\/rezekne.citro.lv\/ru\/wp-json\/wp\/v2\/product_cat?post=50915"},{"taxonomy":"product_tag","embeddable":true,"href":"https:\/\/rezekne.citro.lv\/ru\/wp-json\/wp\/v2\/product_tag?post=50915"}],"curies":[{"name":"wp","href":"https:\/\/api.w.org\/{rel}","templated":true}]}}