{"id":51193,"date":"2026-04-23T01:00:56","date_gmt":"2026-04-22T22:00:56","guid":{"rendered":"https:\/\/rezekne.citro.lv\/veikals\/dusas-krems-dobeles-cerinzieds-300ml\/"},"modified":"2026-05-01T12:00:43","modified_gmt":"2026-05-01T09:00:43","slug":"dusas-krems-dobeles-cerinzieds-300ml","status":"publish","type":"product","link":"https:\/\/rezekne.citro.lv\/ru\/product\/dusas-krems-dobeles-cerinzieds-300ml\/","title":{"rendered":"DU\u0160AS KR\u0112MS DOBELES CERI\u0145ZIEDS 300ML"},"content":{"rendered":"<p>Izcelsmes valsts:<\/p>\n","protected":false},"excerpt":{"rendered":"<p>8.63 \u20ac\/L<\/p>\n","protected":false},"featured_media":51245,"template":"","meta":{"_acf_changed":false,"inline_featured_image":false},"product_cat":[127,129],"product_tag":[],"acf":[],"aioseo_notices":[],"_links":{"self":[{"href":"https:\/\/rezekne.citro.lv\/ru\/wp-json\/wp\/v2\/product\/51193"}],"collection":[{"href":"https:\/\/rezekne.citro.lv\/ru\/wp-json\/wp\/v2\/product"}],"about":[{"href":"https:\/\/rezekne.citro.lv\/ru\/wp-json\/wp\/v2\/types\/product"}],"wp:featuredmedia":[{"embeddable":true,"href":"https:\/\/rezekne.citro.lv\/ru\/wp-json\/wp\/v2\/media\/51245"}],"wp:attachment":[{"href":"https:\/\/rezekne.citro.lv\/ru\/wp-json\/wp\/v2\/media?parent=51193"}],"wp:term":[{"taxonomy":"product_cat","embeddable":true,"href":"https:\/\/rezekne.citro.lv\/ru\/wp-json\/wp\/v2\/product_cat?post=51193"},{"taxonomy":"product_tag","embeddable":true,"href":"https:\/\/rezekne.citro.lv\/ru\/wp-json\/wp\/v2\/product_tag?post=51193"}],"curies":[{"name":"wp","href":"https:\/\/api.w.org\/{rel}","templated":true}]}}