{"id":51211,"date":"2024-08-27T11:12:17","date_gmt":"2024-08-27T08:12:17","guid":{"rendered":"https:\/\/rezekne.citro.lv\/veikals\/cepumi-grona-napoleons-fudeks-sver-fas\/"},"modified":"2026-05-14T06:25:52","modified_gmt":"2026-05-14T03:25:52","slug":"cepumi-grona-napoleons-fudeks-sver-fas","status":"publish","type":"product","link":"https:\/\/rezekne.citro.lv\/ru\/product\/cepumi-grona-napoleons-fudeks-sver-fas\/","title":{"rendered":"CEPUMI GRONA NAPOLEONS FUDEKS SVER.(FAS.)"},"content":{"rendered":"<p>Izcelsmes valsts: Ukraina<br \/>Sast\u0101vs:pirmas \u0161\u0137iras kvie\u0161u milti,konditorijas tauki,inverta s\u012brups,cukurs,kukur\u016bzas ciete,irdin\u0101t\u0101ji,p\u0113rtikas v\u0101r\u0101ma s\u0101ls,SOJAS MILTI,V\u0100JPIENA PULVERIS,emulgators SOJAS LECIT\u012aNS.Nav ieteicams cilv\u0113kiem ar piena olbaltumvielu neparnesam\u012bbu.Var satur\u0113t  OLU PRODUKTU.SEZAMA S\u0112KLU,ZEMESRIEKSTU UN RIEKSTU DA\u013bI\u0145AS.<\/p>\n","protected":false},"excerpt":{"rendered":"<p>3.99 \u20ac\/KG<\/p>\n","protected":false},"featured_media":51227,"template":"","meta":{"_acf_changed":false,"inline_featured_image":false},"product_cat":[125,139],"product_tag":[],"acf":[],"aioseo_notices":[],"_links":{"self":[{"href":"https:\/\/rezekne.citro.lv\/ru\/wp-json\/wp\/v2\/product\/51211"}],"collection":[{"href":"https:\/\/rezekne.citro.lv\/ru\/wp-json\/wp\/v2\/product"}],"about":[{"href":"https:\/\/rezekne.citro.lv\/ru\/wp-json\/wp\/v2\/types\/product"}],"wp:featuredmedia":[{"embeddable":true,"href":"https:\/\/rezekne.citro.lv\/ru\/wp-json\/wp\/v2\/media\/51227"}],"wp:attachment":[{"href":"https:\/\/rezekne.citro.lv\/ru\/wp-json\/wp\/v2\/media?parent=51211"}],"wp:term":[{"taxonomy":"product_cat","embeddable":true,"href":"https:\/\/rezekne.citro.lv\/ru\/wp-json\/wp\/v2\/product_cat?post=51211"},{"taxonomy":"product_tag","embeddable":true,"href":"https:\/\/rezekne.citro.lv\/ru\/wp-json\/wp\/v2\/product_tag?post=51211"}],"curies":[{"name":"wp","href":"https:\/\/api.w.org\/{rel}","templated":true}]}}