{"id":51215,"date":"2026-04-23T00:47:03","date_gmt":"2026-04-22T21:47:03","guid":{"rendered":"https:\/\/rezekne.citro.lv\/veikals\/konfektes-candy-nut-ar-zemesriekstiem-roshen-kg\/"},"modified":"2026-05-12T06:04:53","modified_gmt":"2026-05-12T03:04:53","slug":"konfektes-candy-nut-ar-zemesriekstiem-roshen-kg","status":"publish","type":"product","link":"https:\/\/rezekne.citro.lv\/ru\/product\/konfektes-candy-nut-ar-zemesriekstiem-roshen-kg\/","title":{"rendered":"KONFEKTES CANDY NUT AR ZEMESRIEKSTIEM ROSHEN KG"},"content":{"rendered":"<p>Izcelsmes valsts: Ukraina<br \/>Sast\u0101vda\u013cas:sasmalcin\u0101ti zemesrieksti-27,8%,iebiezin\u0101ts piena produkts(v\u0101jpiens-27%,cukurs,augu tauki(palmu e\u013c\u013casaulespu\u0137u e\u013c\u013ca),laktoze),cietes s\u012brups,augu tauki(palmu e\u013c\u013ca,\u0160\u012b sviests),cukurs,pilnpiena pulveris,mitrumuztur\u0113t\u0101js(sorbitols),kakao pulveris,kakao sviests,emulgators(sojas lecit\u012bns),s\u0101ls,r\u012bv\u0113ts kakao,aromatiz\u0113t\u0101ji (\u012brisu,vanil\u012bns).Minim\u0101lais kakao saturs glaz\u016br\u0101-15%. Uzglab\u0101t:+18 &#8212; +3C pie relat\u012bv\u0101 gaisa mitruma ne vair\u0101k k\u0101 75%. Ra\u017eots:Lietuva<\/p>\n","protected":false},"excerpt":{"rendered":"<p>6.99 \u20ac\/KG<\/p>\n","protected":false},"featured_media":51225,"template":"","meta":{"_acf_changed":false,"inline_featured_image":false},"product_cat":[125,201],"product_tag":[],"acf":[],"aioseo_notices":[],"_links":{"self":[{"href":"https:\/\/rezekne.citro.lv\/ru\/wp-json\/wp\/v2\/product\/51215"}],"collection":[{"href":"https:\/\/rezekne.citro.lv\/ru\/wp-json\/wp\/v2\/product"}],"about":[{"href":"https:\/\/rezekne.citro.lv\/ru\/wp-json\/wp\/v2\/types\/product"}],"wp:featuredmedia":[{"embeddable":true,"href":"https:\/\/rezekne.citro.lv\/ru\/wp-json\/wp\/v2\/media\/51225"}],"wp:attachment":[{"href":"https:\/\/rezekne.citro.lv\/ru\/wp-json\/wp\/v2\/media?parent=51215"}],"wp:term":[{"taxonomy":"product_cat","embeddable":true,"href":"https:\/\/rezekne.citro.lv\/ru\/wp-json\/wp\/v2\/product_cat?post=51215"},{"taxonomy":"product_tag","embeddable":true,"href":"https:\/\/rezekne.citro.lv\/ru\/wp-json\/wp\/v2\/product_tag?post=51215"}],"curies":[{"name":"wp","href":"https:\/\/api.w.org\/{rel}","templated":true}]}}