{"id":51279,"date":"2026-05-07T00:17:14","date_gmt":"2026-05-06T21:17:14","guid":{"rendered":"https:\/\/rezekne.citro.lv\/veikals\/s-brok-nestle-batonins-corn-flakes-bes-glutena-22g\/"},"modified":"2026-05-07T00:17:14","modified_gmt":"2026-05-06T21:17:14","slug":"s-brok-nestle-batonins-corn-flakes-bes-glutena-22g","status":"publish","type":"product","link":"https:\/\/rezekne.citro.lv\/ru\/product\/s-brok-nestle-batonins-corn-flakes-bes-glutena-22g\/","title":{"rendered":"S\/BROK.NESTLE BATONI\u0145\u0160 CORN FLAKES BES GLUT\u0112NA 22G"},"content":{"rendered":"<p>Izcelsmes valsts: Polija<\/p>\n","protected":false},"excerpt":{"rendered":"<p>25.00 \u20ac\/KG<\/p>\n","protected":false},"featured_media":51256,"template":"","meta":{"_acf_changed":false,"inline_featured_image":false},"product_cat":[125,126],"product_tag":[],"acf":[],"aioseo_notices":[],"_links":{"self":[{"href":"https:\/\/rezekne.citro.lv\/ru\/wp-json\/wp\/v2\/product\/51279"}],"collection":[{"href":"https:\/\/rezekne.citro.lv\/ru\/wp-json\/wp\/v2\/product"}],"about":[{"href":"https:\/\/rezekne.citro.lv\/ru\/wp-json\/wp\/v2\/types\/product"}],"wp:featuredmedia":[{"embeddable":true,"href":"https:\/\/rezekne.citro.lv\/ru\/wp-json\/wp\/v2\/media\/51256"}],"wp:attachment":[{"href":"https:\/\/rezekne.citro.lv\/ru\/wp-json\/wp\/v2\/media?parent=51279"}],"wp:term":[{"taxonomy":"product_cat","embeddable":true,"href":"https:\/\/rezekne.citro.lv\/ru\/wp-json\/wp\/v2\/product_cat?post=51279"},{"taxonomy":"product_tag","embeddable":true,"href":"https:\/\/rezekne.citro.lv\/ru\/wp-json\/wp\/v2\/product_tag?post=51279"}],"curies":[{"name":"wp","href":"https:\/\/api.w.org\/{rel}","templated":true}]}}