{"id":51424,"date":"2025-09-11T06:52:06","date_gmt":"2025-09-11T03:52:06","guid":{"rendered":"https:\/\/rezekne.citro.lv\/veikals\/saldejums-iceco-sandwich-ruskij-plombir-vanilas-180ml-90g\/"},"modified":"2026-04-30T06:13:01","modified_gmt":"2026-04-30T03:13:01","slug":"saldejums-etalon-sendvics-vanilas-180ml-90g","status":"publish","type":"product","link":"https:\/\/rezekne.citro.lv\/ru\/product\/saldejums-etalon-sendvics-vanilas-180ml-90g\/","title":{"rendered":"SALD\u0112JUMS AURUM SENDVI\u010cS VANI\u013bAS 180ML\/90G"},"content":{"rendered":"<p>Izcelsmes valsts: Lietuva<\/p>\n","protected":false},"excerpt":{"rendered":"<p>8.78 \u20ac\/KG<\/p>\n","protected":false},"featured_media":78817,"template":"","meta":{"_acf_changed":false,"inline_featured_image":false},"product_cat":[233,234],"product_tag":[],"acf":[],"aioseo_notices":[],"_links":{"self":[{"href":"https:\/\/rezekne.citro.lv\/ru\/wp-json\/wp\/v2\/product\/51424"}],"collection":[{"href":"https:\/\/rezekne.citro.lv\/ru\/wp-json\/wp\/v2\/product"}],"about":[{"href":"https:\/\/rezekne.citro.lv\/ru\/wp-json\/wp\/v2\/types\/product"}],"wp:featuredmedia":[{"embeddable":true,"href":"https:\/\/rezekne.citro.lv\/ru\/wp-json\/wp\/v2\/media\/78817"}],"wp:attachment":[{"href":"https:\/\/rezekne.citro.lv\/ru\/wp-json\/wp\/v2\/media?parent=51424"}],"wp:term":[{"taxonomy":"product_cat","embeddable":true,"href":"https:\/\/rezekne.citro.lv\/ru\/wp-json\/wp\/v2\/product_cat?post=51424"},{"taxonomy":"product_tag","embeddable":true,"href":"https:\/\/rezekne.citro.lv\/ru\/wp-json\/wp\/v2\/product_tag?post=51424"}],"curies":[{"name":"wp","href":"https:\/\/api.w.org\/{rel}","templated":true}]}}