{"id":51443,"date":"2026-01-29T00:45:42","date_gmt":"2026-01-28T22:45:42","guid":{"rendered":"https:\/\/rezekne.citro.lv\/veikals\/galetes-tautas-kviesu-ar-zemenu-glazuru-95g\/"},"modified":"2026-03-08T06:15:48","modified_gmt":"2026-03-08T04:15:48","slug":"galetes-tautas-kviesu-ar-zemenu-glazuru-95g","status":"publish","type":"product","link":"https:\/\/rezekne.citro.lv\/ru\/product\/galetes-tautas-kviesu-ar-zemenu-glazuru-95g\/","title":{"rendered":"GALETES TAUTAS KVIE\u0160U AR ZEME\u0145U GLAZ\u016aRU 95G"},"content":{"rendered":"<p>Izcelsmes valsts: Lietuva<\/p>\n","protected":false},"excerpt":{"rendered":"<p>23.05 \u20ac\/KG<\/p>\n","protected":false},"featured_media":51448,"template":"","meta":{"_acf_changed":false,"inline_featured_image":false},"product_cat":[215,563],"product_tag":[],"acf":[],"aioseo_notices":[],"_links":{"self":[{"href":"https:\/\/rezekne.citro.lv\/ru\/wp-json\/wp\/v2\/product\/51443"}],"collection":[{"href":"https:\/\/rezekne.citro.lv\/ru\/wp-json\/wp\/v2\/product"}],"about":[{"href":"https:\/\/rezekne.citro.lv\/ru\/wp-json\/wp\/v2\/types\/product"}],"wp:featuredmedia":[{"embeddable":true,"href":"https:\/\/rezekne.citro.lv\/ru\/wp-json\/wp\/v2\/media\/51448"}],"wp:attachment":[{"href":"https:\/\/rezekne.citro.lv\/ru\/wp-json\/wp\/v2\/media?parent=51443"}],"wp:term":[{"taxonomy":"product_cat","embeddable":true,"href":"https:\/\/rezekne.citro.lv\/ru\/wp-json\/wp\/v2\/product_cat?post=51443"},{"taxonomy":"product_tag","embeddable":true,"href":"https:\/\/rezekne.citro.lv\/ru\/wp-json\/wp\/v2\/product_tag?post=51443"}],"curies":[{"name":"wp","href":"https:\/\/api.w.org\/{rel}","templated":true}]}}