{"id":51680,"date":"2024-08-27T11:16:19","date_gmt":"2024-08-27T08:16:19","guid":{"rendered":"https:\/\/rezekne.citro.lv\/veikals\/cala-pussparnu-vidusdalas-500g-kekava\/"},"modified":"2025-11-06T07:34:51","modified_gmt":"2025-11-06T05:34:51","slug":"cala-pussparnu-vidusdalas-500g-kekava","status":"publish","type":"product","link":"https:\/\/rezekne.citro.lv\/ru\/product\/cala-pussparnu-vidusdalas-500g-kekava\/","title":{"rendered":"C\u0100\u013bA PUSSP\u0100RNU VIDUSDA\u013bAS 500G \u0136EKAVA"},"content":{"rendered":"<p>Izcelsmes valsts: Latvija<\/p>\n","protected":false},"excerpt":{"rendered":"<p>4.78 \u20ac\/KG<\/p>\n","protected":false},"featured_media":53773,"template":"","meta":{"_acf_changed":false,"inline_featured_image":false},"product_cat":[135,190],"product_tag":[],"acf":[],"aioseo_notices":[],"_links":{"self":[{"href":"https:\/\/rezekne.citro.lv\/ru\/wp-json\/wp\/v2\/product\/51680"}],"collection":[{"href":"https:\/\/rezekne.citro.lv\/ru\/wp-json\/wp\/v2\/product"}],"about":[{"href":"https:\/\/rezekne.citro.lv\/ru\/wp-json\/wp\/v2\/types\/product"}],"wp:featuredmedia":[{"embeddable":true,"href":"https:\/\/rezekne.citro.lv\/ru\/wp-json\/wp\/v2\/media\/53773"}],"wp:attachment":[{"href":"https:\/\/rezekne.citro.lv\/ru\/wp-json\/wp\/v2\/media?parent=51680"}],"wp:term":[{"taxonomy":"product_cat","embeddable":true,"href":"https:\/\/rezekne.citro.lv\/ru\/wp-json\/wp\/v2\/product_cat?post=51680"},{"taxonomy":"product_tag","embeddable":true,"href":"https:\/\/rezekne.citro.lv\/ru\/wp-json\/wp\/v2\/product_tag?post=51680"}],"curies":[{"name":"wp","href":"https:\/\/api.w.org\/{rel}","templated":true}]}}