{"id":51681,"date":"2025-12-04T00:47:53","date_gmt":"2025-12-03T22:47:53","guid":{"rendered":"https:\/\/rezekne.citro.lv\/veikals\/cukas-krutina-grilam-425g-rgk\/"},"modified":"2025-12-08T06:25:39","modified_gmt":"2025-12-08T04:25:39","slug":"cukas-krutina-grilam-425g-rgk","status":"publish","type":"product","link":"https:\/\/rezekne.citro.lv\/ru\/product\/cukas-krutina-grilam-425g-rgk\/","title":{"rendered":"C\u016aKAS KR\u016aTI\u0145A GRILAM 425G RGK"},"content":{"rendered":"<p>Izcelsmes valsts: Latvija<\/p>\n","protected":false},"excerpt":{"rendered":"<p>10.80 \u20ac\/KG<\/p>\n","protected":false},"featured_media":61759,"template":"","meta":{"_acf_changed":false,"inline_featured_image":false},"product_cat":[135,182],"product_tag":[],"acf":[],"aioseo_notices":[],"_links":{"self":[{"href":"https:\/\/rezekne.citro.lv\/ru\/wp-json\/wp\/v2\/product\/51681"}],"collection":[{"href":"https:\/\/rezekne.citro.lv\/ru\/wp-json\/wp\/v2\/product"}],"about":[{"href":"https:\/\/rezekne.citro.lv\/ru\/wp-json\/wp\/v2\/types\/product"}],"wp:featuredmedia":[{"embeddable":true,"href":"https:\/\/rezekne.citro.lv\/ru\/wp-json\/wp\/v2\/media\/61759"}],"wp:attachment":[{"href":"https:\/\/rezekne.citro.lv\/ru\/wp-json\/wp\/v2\/media?parent=51681"}],"wp:term":[{"taxonomy":"product_cat","embeddable":true,"href":"https:\/\/rezekne.citro.lv\/ru\/wp-json\/wp\/v2\/product_cat?post=51681"},{"taxonomy":"product_tag","embeddable":true,"href":"https:\/\/rezekne.citro.lv\/ru\/wp-json\/wp\/v2\/product_tag?post=51681"}],"curies":[{"name":"wp","href":"https:\/\/api.w.org\/{rel}","templated":true}]}}