{"id":51737,"date":"2026-03-26T01:02:19","date_gmt":"2026-03-25T23:02:19","guid":{"rendered":"https:\/\/rezekne.citro.lv\/veikals\/siers-kurzemes-skelites-150g-jaunpils-2\/"},"modified":"2026-04-21T15:01:04","modified_gmt":"2026-04-21T12:01:04","slug":"siers-kurzemes-skelites-150g-jaunpils","status":"publish","type":"product","link":"https:\/\/rezekne.citro.lv\/ru\/product\/siers-kurzemes-skelites-150g-jaunpils\/","title":{"rendered":"SIERS KURZEMES \u0160\u0136\u0112L\u012aT\u0112S 150G JAUNPILS"},"content":{"rendered":"<p>Izcelsmes valsts: Igaunija<\/p>\n","protected":false},"excerpt":{"rendered":"<p>8.60 \u20ac\/KG<\/p>\n","protected":false},"featured_media":51754,"template":"","meta":{"_acf_changed":false,"inline_featured_image":false},"product_cat":[95,224],"product_tag":[],"acf":[],"aioseo_notices":[],"_links":{"self":[{"href":"https:\/\/rezekne.citro.lv\/ru\/wp-json\/wp\/v2\/product\/51737"}],"collection":[{"href":"https:\/\/rezekne.citro.lv\/ru\/wp-json\/wp\/v2\/product"}],"about":[{"href":"https:\/\/rezekne.citro.lv\/ru\/wp-json\/wp\/v2\/types\/product"}],"wp:featuredmedia":[{"embeddable":true,"href":"https:\/\/rezekne.citro.lv\/ru\/wp-json\/wp\/v2\/media\/51754"}],"wp:attachment":[{"href":"https:\/\/rezekne.citro.lv\/ru\/wp-json\/wp\/v2\/media?parent=51737"}],"wp:term":[{"taxonomy":"product_cat","embeddable":true,"href":"https:\/\/rezekne.citro.lv\/ru\/wp-json\/wp\/v2\/product_cat?post=51737"},{"taxonomy":"product_tag","embeddable":true,"href":"https:\/\/rezekne.citro.lv\/ru\/wp-json\/wp\/v2\/product_tag?post=51737"}],"curies":[{"name":"wp","href":"https:\/\/api.w.org\/{rel}","templated":true}]}}