{"id":51740,"date":"2024-08-27T11:18:29","date_gmt":"2024-08-27T08:18:29","guid":{"rendered":"https:\/\/rezekne.citro.lv\/veikals\/medus-dazadu-ziedu-350g-plasumi-2\/"},"modified":"2026-05-10T06:28:08","modified_gmt":"2026-05-10T03:28:08","slug":"medus-dazadu-ziedu-350g-plasumi","status":"publish","type":"product","link":"https:\/\/rezekne.citro.lv\/ru\/product\/medus-dazadu-ziedu-350g-plasumi\/","title":{"rendered":"MEDUS DA\u017d\u0100DU ZIEDU 350G PLA\u0160UMI"},"content":{"rendered":"<p>Izcelsmes valsts: Latvija<\/p>\n","protected":false},"excerpt":{"rendered":"<p>9.69 \u20ac\/KG<\/p>\n","protected":false},"featured_media":51753,"template":"","meta":{"_acf_changed":false,"inline_featured_image":false},"product_cat":[103,155],"product_tag":[],"acf":[],"aioseo_notices":[],"_links":{"self":[{"href":"https:\/\/rezekne.citro.lv\/ru\/wp-json\/wp\/v2\/product\/51740"}],"collection":[{"href":"https:\/\/rezekne.citro.lv\/ru\/wp-json\/wp\/v2\/product"}],"about":[{"href":"https:\/\/rezekne.citro.lv\/ru\/wp-json\/wp\/v2\/types\/product"}],"wp:featuredmedia":[{"embeddable":true,"href":"https:\/\/rezekne.citro.lv\/ru\/wp-json\/wp\/v2\/media\/51753"}],"wp:attachment":[{"href":"https:\/\/rezekne.citro.lv\/ru\/wp-json\/wp\/v2\/media?parent=51740"}],"wp:term":[{"taxonomy":"product_cat","embeddable":true,"href":"https:\/\/rezekne.citro.lv\/ru\/wp-json\/wp\/v2\/product_cat?post=51740"},{"taxonomy":"product_tag","embeddable":true,"href":"https:\/\/rezekne.citro.lv\/ru\/wp-json\/wp\/v2\/product_tag?post=51740"}],"curies":[{"name":"wp","href":"https:\/\/api.w.org\/{rel}","templated":true}]}}