{"id":51896,"date":"2026-04-30T00:02:57","date_gmt":"2026-04-29T21:02:57","guid":{"rendered":"https:\/\/rezekne.citro.lv\/veikals\/desa-salami-danu-puskupinata-400g-forevers\/"},"modified":"2026-05-05T09:00:22","modified_gmt":"2026-05-05T06:00:22","slug":"desa-salami-danu-puskupinata-400g-forevers","status":"publish","type":"product","link":"https:\/\/rezekne.citro.lv\/ru\/product\/desa-salami-danu-puskupinata-400g-forevers\/","title":{"rendered":"DESA SALAMI D\u0100\u0145U PUSK\u016aPIN\u0100TA 400G FOREVERS"},"content":{"rendered":"<p>Izcelsmes valsts: Latvija<\/p>\n","protected":false},"excerpt":{"rendered":"<p>4.73 \u20ac\/KG<\/p>\n","protected":false},"featured_media":51612,"template":"","meta":{"_acf_changed":false,"inline_featured_image":false},"product_cat":[135,178],"product_tag":[],"acf":[],"aioseo_notices":[],"_links":{"self":[{"href":"https:\/\/rezekne.citro.lv\/ru\/wp-json\/wp\/v2\/product\/51896"}],"collection":[{"href":"https:\/\/rezekne.citro.lv\/ru\/wp-json\/wp\/v2\/product"}],"about":[{"href":"https:\/\/rezekne.citro.lv\/ru\/wp-json\/wp\/v2\/types\/product"}],"wp:featuredmedia":[{"embeddable":true,"href":"https:\/\/rezekne.citro.lv\/ru\/wp-json\/wp\/v2\/media\/51612"}],"wp:attachment":[{"href":"https:\/\/rezekne.citro.lv\/ru\/wp-json\/wp\/v2\/media?parent=51896"}],"wp:term":[{"taxonomy":"product_cat","embeddable":true,"href":"https:\/\/rezekne.citro.lv\/ru\/wp-json\/wp\/v2\/product_cat?post=51896"},{"taxonomy":"product_tag","embeddable":true,"href":"https:\/\/rezekne.citro.lv\/ru\/wp-json\/wp\/v2\/product_tag?post=51896"}],"curies":[{"name":"wp","href":"https:\/\/api.w.org\/{rel}","templated":true}]}}