{"id":51898,"date":"2025-09-10T00:02:34","date_gmt":"2025-09-09T21:02:34","guid":{"rendered":"https:\/\/rezekne.citro.lv\/veikals\/vistas-skinkisu-sasliks-sarkanaja-marinade-citro-1kg\/"},"modified":"2025-09-10T00:02:42","modified_gmt":"2025-09-09T21:02:42","slug":"vistas-skinkisu-sasliks-sarkanaja-marinade-citro-1kg","status":"publish","type":"product","link":"https:\/\/rezekne.citro.lv\/ru\/product\/vistas-skinkisu-sasliks-sarkanaja-marinade-citro-1kg\/","title":{"rendered":"VISTAS \u0160\u0136I\u0145\u0136\u012a\u0160U \u0160A\u0160LIKS SARKANAJ\u0100 MARIN\u0100D\u0112 CITRO 1KG"},"content":{"rendered":"<p>Izcelsmes valsts: Latvija<br \/>Sast\u0101vda\u013cas:vistas \u0161\u0137i\u0146\u0137i  90%, marin\u0101de 10%(\u016bdens; rap\u0161u e\u013c\u013ca; gar\u0161vielu mais\u012bjums marin\u0101des pagatavo\u0161anai ( gar\u0161vielas, nejod\u0113ts s\u0101ls, arom\u0101ts,OLU pulveris, gar\u0161vielu ekstrakti, gar\u0161as pastiprin\u0101t\u0101js E621, sk\u0101bes regul\u0101tors E262, paprikas ekstrakts, biezin\u0101t\u0101jviela E412, E415, pretlip\u0161anas l\u012bdzeklis E551, E535); gar\u0161viela((p\u0101rtikas s\u0101ls, gar\u0161vielas (paprika, SINEPES, \u010dili pipari), gar\u0161vielas ekstrakti (paprika), dekstroze, zir\u0146u \u0161\u0137iedrvielas, raugu ekstrakts));Uzglab\u0101\u0161anas temperat\u016bra 0+4C  Inform\u0101cija par uzturv\u0113rt\u012bbu: 100 g produkta satur: ener\u0123\u0113tisk\u0101 v\u0113rt\u012bba 1116 kJ \/ 269kcal; tauki 23.4g, tostarp pies\u0101tin\u0101t\u0101s tauksk\u0101bes 0.3g; og\u013chidr\u0101ti 1g, tostarp cukuri 0.3g; \u0161\u0137iedrvielas 0g; olbaltumvielas 13.7g; s\u0101ls 0.8g.<\/p>\n","protected":false},"excerpt":{"rendered":"<p>5.99 \u20ac\/KG<\/p>\n","protected":false},"featured_media":51915,"template":"","meta":{"_acf_changed":false,"inline_featured_image":false},"product_cat":[135,182],"product_tag":[],"acf":[],"aioseo_notices":[],"_links":{"self":[{"href":"https:\/\/rezekne.citro.lv\/ru\/wp-json\/wp\/v2\/product\/51898"}],"collection":[{"href":"https:\/\/rezekne.citro.lv\/ru\/wp-json\/wp\/v2\/product"}],"about":[{"href":"https:\/\/rezekne.citro.lv\/ru\/wp-json\/wp\/v2\/types\/product"}],"wp:featuredmedia":[{"embeddable":true,"href":"https:\/\/rezekne.citro.lv\/ru\/wp-json\/wp\/v2\/media\/51915"}],"wp:attachment":[{"href":"https:\/\/rezekne.citro.lv\/ru\/wp-json\/wp\/v2\/media?parent=51898"}],"wp:term":[{"taxonomy":"product_cat","embeddable":true,"href":"https:\/\/rezekne.citro.lv\/ru\/wp-json\/wp\/v2\/product_cat?post=51898"},{"taxonomy":"product_tag","embeddable":true,"href":"https:\/\/rezekne.citro.lv\/ru\/wp-json\/wp\/v2\/product_tag?post=51898"}],"curies":[{"name":"wp","href":"https:\/\/api.w.org\/{rel}","templated":true}]}}