{"id":51940,"date":"2026-02-14T00:01:56","date_gmt":"2026-02-13T22:01:56","guid":{"rendered":"https:\/\/rezekne.citro.lv\/veikals\/vinogas-gaisas-ar-kauliniem-kg\/"},"modified":"2026-02-14T00:02:01","modified_gmt":"2026-02-13T22:02:01","slug":"vinogas-gaisas-ar-kauliniem-kg","status":"publish","type":"product","link":"https:\/\/rezekne.citro.lv\/ru\/product\/vinogas-gaisas-ar-kauliniem-kg\/","title":{"rendered":"V\u012aNOGAS ZA\u013b\u0100S B\/K SWEET GLOBE  KG"},"content":{"rendered":"<p>IT\u0100LIJA 2.\u0160\u0136IRA<\/p>\n","protected":false},"excerpt":{"rendered":"<p>4.99 \u20ac\/KG<\/p>\n","protected":false},"featured_media":52222,"template":"","meta":{"_acf_changed":false,"inline_featured_image":false},"product_cat":[97,98],"product_tag":[],"acf":[],"aioseo_notices":[],"_links":{"self":[{"href":"https:\/\/rezekne.citro.lv\/ru\/wp-json\/wp\/v2\/product\/51940"}],"collection":[{"href":"https:\/\/rezekne.citro.lv\/ru\/wp-json\/wp\/v2\/product"}],"about":[{"href":"https:\/\/rezekne.citro.lv\/ru\/wp-json\/wp\/v2\/types\/product"}],"wp:featuredmedia":[{"embeddable":true,"href":"https:\/\/rezekne.citro.lv\/ru\/wp-json\/wp\/v2\/media\/52222"}],"wp:attachment":[{"href":"https:\/\/rezekne.citro.lv\/ru\/wp-json\/wp\/v2\/media?parent=51940"}],"wp:term":[{"taxonomy":"product_cat","embeddable":true,"href":"https:\/\/rezekne.citro.lv\/ru\/wp-json\/wp\/v2\/product_cat?post=51940"},{"taxonomy":"product_tag","embeddable":true,"href":"https:\/\/rezekne.citro.lv\/ru\/wp-json\/wp\/v2\/product_tag?post=51940"}],"curies":[{"name":"wp","href":"https:\/\/api.w.org\/{rel}","templated":true}]}}