{"id":51950,"date":"2026-04-23T01:01:11","date_gmt":"2026-04-22T22:01:11","guid":{"rendered":"https:\/\/rezekne.citro.lv\/veikals\/musli-grauzdets-ar-3-veidu-sokoladi-herkuless-350g\/"},"modified":"2026-04-23T01:01:24","modified_gmt":"2026-04-22T22:01:24","slug":"musli-grauzdets-ar-3-veidu-sokoladi-herkuless-350g","status":"publish","type":"product","link":"https:\/\/rezekne.citro.lv\/ru\/product\/musli-grauzdets-ar-3-veidu-sokoladi-herkuless-350g\/","title":{"rendered":"MUSLI GRAUZD\u0112TS AR 3 VEIDU \u0160OKOL\u0100DI HERKULESS 350G"},"content":{"rendered":"<p>Izcelsmes valsts: \u010cehija<\/p>\n","protected":false},"excerpt":{"rendered":"<p>5.11 \u20ac\/KG<\/p>\n","protected":false},"featured_media":51971,"template":"","meta":{"_acf_changed":false,"inline_featured_image":false},"product_cat":[125,126],"product_tag":[],"acf":[],"aioseo_notices":[],"_links":{"self":[{"href":"https:\/\/rezekne.citro.lv\/ru\/wp-json\/wp\/v2\/product\/51950"}],"collection":[{"href":"https:\/\/rezekne.citro.lv\/ru\/wp-json\/wp\/v2\/product"}],"about":[{"href":"https:\/\/rezekne.citro.lv\/ru\/wp-json\/wp\/v2\/types\/product"}],"wp:featuredmedia":[{"embeddable":true,"href":"https:\/\/rezekne.citro.lv\/ru\/wp-json\/wp\/v2\/media\/51971"}],"wp:attachment":[{"href":"https:\/\/rezekne.citro.lv\/ru\/wp-json\/wp\/v2\/media?parent=51950"}],"wp:term":[{"taxonomy":"product_cat","embeddable":true,"href":"https:\/\/rezekne.citro.lv\/ru\/wp-json\/wp\/v2\/product_cat?post=51950"},{"taxonomy":"product_tag","embeddable":true,"href":"https:\/\/rezekne.citro.lv\/ru\/wp-json\/wp\/v2\/product_tag?post=51950"}],"curies":[{"name":"wp","href":"https:\/\/api.w.org\/{rel}","templated":true}]}}