{"id":51953,"date":"2026-04-09T00:15:17","date_gmt":"2026-04-08T21:15:17","guid":{"rendered":"https:\/\/rezekne.citro.lv\/veikals\/bariba-kakiem-sausa-perfect-fit-indoor-ar-cala-galu-750g\/"},"modified":"2026-04-09T06:25:46","modified_gmt":"2026-04-09T03:25:46","slug":"bariba-kakiem-sausa-perfect-fit-indoor-ar-cala-galu-750g","status":"publish","type":"product","link":"https:\/\/rezekne.citro.lv\/ru\/product\/bariba-kakiem-sausa-perfect-fit-indoor-ar-cala-galu-750g\/","title":{"rendered":"BAR\u012aBA KA\u0136IEM SAUS\u0100 PERFECT FIT INDOOR AR C\u0100\u013bA GA\u013bU 750G"},"content":{"rendered":"<p>Izcelsmes valsts: V\u0101cija<\/p>\n","protected":false},"excerpt":{"rendered":"<p>5.32 \u20ac\/KG<\/p>\n","protected":false},"featured_media":51969,"template":"","meta":{"_acf_changed":false,"inline_featured_image":false},"product_cat":[153,175],"product_tag":[],"acf":[],"aioseo_notices":[],"_links":{"self":[{"href":"https:\/\/rezekne.citro.lv\/ru\/wp-json\/wp\/v2\/product\/51953"}],"collection":[{"href":"https:\/\/rezekne.citro.lv\/ru\/wp-json\/wp\/v2\/product"}],"about":[{"href":"https:\/\/rezekne.citro.lv\/ru\/wp-json\/wp\/v2\/types\/product"}],"wp:featuredmedia":[{"embeddable":true,"href":"https:\/\/rezekne.citro.lv\/ru\/wp-json\/wp\/v2\/media\/51969"}],"wp:attachment":[{"href":"https:\/\/rezekne.citro.lv\/ru\/wp-json\/wp\/v2\/media?parent=51953"}],"wp:term":[{"taxonomy":"product_cat","embeddable":true,"href":"https:\/\/rezekne.citro.lv\/ru\/wp-json\/wp\/v2\/product_cat?post=51953"},{"taxonomy":"product_tag","embeddable":true,"href":"https:\/\/rezekne.citro.lv\/ru\/wp-json\/wp\/v2\/product_tag?post=51953"}],"curies":[{"name":"wp","href":"https:\/\/api.w.org\/{rel}","templated":true}]}}