{"id":52063,"date":"2026-01-02T00:49:19","date_gmt":"2026-01-01T22:49:19","guid":{"rendered":"https:\/\/rezekne.citro.lv\/veikals\/zemenu-krems-ar-vanilas-merci-citro-150g-2\/"},"modified":"2026-05-08T09:00:30","modified_gmt":"2026-05-08T06:00:30","slug":"deserts-zemenu-krems-ar-saldo-merci-citro-150g","status":"publish","type":"product","link":"https:\/\/rezekne.citro.lv\/ru\/product\/deserts-zemenu-krems-ar-saldo-merci-citro-150g\/","title":{"rendered":"DESERTS ZEME\u0145U KR\u0112MS AR SALDO M\u0112RCI CITRO 150G"},"content":{"rendered":"<p>Izcelsmes valsts: Latvija<br \/>Sast\u0101vda\u013cas:kr\u0113ms 50%{ konditorejas kr\u0113ms ar cukuru ((\u016bdens, piln\u012bgi hidrogen\u0113ta palmu kodolu e\u013c\u013ca25%, cukurs 12%, PIENA olbaltumvielas, emulgatori E472b, E322(SOJA), E 472e; stabiliz\u0113t\u0101ji: E460, E466, E340;aromatiz\u0113t\u0101js, kr\u0101sviela E160a, zemenes 26.6%, putukr\u0113juma stabilizators  zeme\u0146u12% ((cukurs, dekstroze, \u017eelat\u012bns c\u016bku,maltodekstr\u012bns,  modific\u0113ta kukur\u016bzas ciete, sk\u0101buma regul\u0113t\u0101js-citronsk\u0101be,  p\u0101rtikas kr\u0101svielas kurkum\u012bns un betan\u012bns, arom\u0101tviela-zeme\u0146u.Produkts var satur\u0113t glut\u0113nu, olas, soju, vai pienu(ka atlikums)): cukurs)); m\u0113rce50%{PIENS UHT t.s 3.2%, kaltkr\u0113ms((p\u016bdercukurs, modific\u0113ta ciete E1414, PIENA s\u016bkalu  pulveris, PIENA proteini, biezin\u0101t\u0101js:E401, s\u0101ls,  aromatiz\u0113t\u0101js, p\u0101rtikas kr\u0101svielas E101,E160a)): Uzglab\u0101\u0161anas temperat\u016bra +2-+6C  Inform\u0101cija par uzturv\u0113rt\u012bbu: 100 g produkta satur: ener\u0123\u0113tisk\u0101 v\u0113rt\u012bba 728 kJ \/ 174kcal; tauki 9.1g, tostarp pies\u0101tin\u0101t\u0101s tauksk\u0101bes 8.6g; og\u013chidr\u0101ti 20g, tostarp cukuri 17.1g; \u0161\u0137iedrvielas 0.2g; olbaltumvielas 2.9g; s\u0101ls 0.1g.<\/p>\n","protected":false},"excerpt":{"rendered":"<p>7.67 \u20ac\/KG<\/p>\n","protected":false},"featured_media":52213,"template":"","meta":{"_acf_changed":false,"inline_featured_image":false},"product_cat":[113,221],"product_tag":[],"acf":[],"aioseo_notices":[],"_links":{"self":[{"href":"https:\/\/rezekne.citro.lv\/ru\/wp-json\/wp\/v2\/product\/52063"}],"collection":[{"href":"https:\/\/rezekne.citro.lv\/ru\/wp-json\/wp\/v2\/product"}],"about":[{"href":"https:\/\/rezekne.citro.lv\/ru\/wp-json\/wp\/v2\/types\/product"}],"wp:featuredmedia":[{"embeddable":true,"href":"https:\/\/rezekne.citro.lv\/ru\/wp-json\/wp\/v2\/media\/52213"}],"wp:attachment":[{"href":"https:\/\/rezekne.citro.lv\/ru\/wp-json\/wp\/v2\/media?parent=52063"}],"wp:term":[{"taxonomy":"product_cat","embeddable":true,"href":"https:\/\/rezekne.citro.lv\/ru\/wp-json\/wp\/v2\/product_cat?post=52063"},{"taxonomy":"product_tag","embeddable":true,"href":"https:\/\/rezekne.citro.lv\/ru\/wp-json\/wp\/v2\/product_tag?post=52063"}],"curies":[{"name":"wp","href":"https:\/\/api.w.org\/{rel}","templated":true}]}}