{"id":52160,"date":"2026-04-09T00:15:10","date_gmt":"2026-04-08T21:15:10","guid":{"rendered":"https:\/\/rezekne.citro.lv\/veikals\/mafini-zafira-ar-ananasu-gabaliniem-kg\/"},"modified":"2026-04-09T06:25:31","modified_gmt":"2026-04-09T03:25:31","slug":"mafini-zafira-ar-ananasu-gabaliniem-kg","status":"publish","type":"product","link":"https:\/\/rezekne.citro.lv\/ru\/product\/mafini-zafira-ar-ananasu-gabaliniem-kg\/","title":{"rendered":"MAF\u012aNI ZAFIRA AR ANANASU GABALI\u0145IEM KG"},"content":{"rendered":"<p>Izcelsmes valsts: Latvija<br \/>Sast\u0101vda\u013cas: cukurs, KVIE\u0160U MILTI, rap\u0161u e\u013c\u013ca,OLU MASA:V\u0100JPIENA PULVERIS,\u0161okol\u0101desgabali\u0146i 28%.uzlabot\u0101js, kakao pulveris.SIA DAUGULIS&#038;PARTNERI<\/p>\n","protected":false},"excerpt":{"rendered":"<p>5.49 \u20ac\/KG<\/p>\n","protected":false},"featured_media":52195,"template":"","meta":{"_acf_changed":false,"inline_featured_image":false},"product_cat":[125,139],"product_tag":[],"acf":[],"aioseo_notices":[],"_links":{"self":[{"href":"https:\/\/rezekne.citro.lv\/ru\/wp-json\/wp\/v2\/product\/52160"}],"collection":[{"href":"https:\/\/rezekne.citro.lv\/ru\/wp-json\/wp\/v2\/product"}],"about":[{"href":"https:\/\/rezekne.citro.lv\/ru\/wp-json\/wp\/v2\/types\/product"}],"wp:featuredmedia":[{"embeddable":true,"href":"https:\/\/rezekne.citro.lv\/ru\/wp-json\/wp\/v2\/media\/52195"}],"wp:attachment":[{"href":"https:\/\/rezekne.citro.lv\/ru\/wp-json\/wp\/v2\/media?parent=52160"}],"wp:term":[{"taxonomy":"product_cat","embeddable":true,"href":"https:\/\/rezekne.citro.lv\/ru\/wp-json\/wp\/v2\/product_cat?post=52160"},{"taxonomy":"product_tag","embeddable":true,"href":"https:\/\/rezekne.citro.lv\/ru\/wp-json\/wp\/v2\/product_tag?post=52160"}],"curies":[{"name":"wp","href":"https:\/\/api.w.org\/{rel}","templated":true}]}}