{"id":52161,"date":"2026-01-02T00:34:34","date_gmt":"2026-01-01T22:34:34","guid":{"rendered":"https:\/\/rezekne.citro.lv\/veikals\/bariba-kakiem-kons-athena-ar-liellopu-galu-100g\/"},"modified":"2026-05-09T06:26:49","modified_gmt":"2026-05-09T03:26:49","slug":"bariba-kakiem-kons-athena-ar-liellopu-galu-100g","status":"publish","type":"product","link":"https:\/\/rezekne.citro.lv\/ru\/product\/bariba-kakiem-kons-athena-ar-liellopu-galu-100g\/","title":{"rendered":"BAR\u012aBA KA\u0136IEM KONS. ATHENA AR LIELLOPU GA\u013bU 100G"},"content":{"rendered":"<p>Izcelsmes valsts: V\u0101cija<\/p>\n","protected":false},"excerpt":{"rendered":"<p>6.90 \u20ac\/KG<\/p>\n","protected":false},"featured_media":52150,"template":"","meta":{"_acf_changed":false,"inline_featured_image":false},"product_cat":[153,175],"product_tag":[],"acf":[],"aioseo_notices":[],"_links":{"self":[{"href":"https:\/\/rezekne.citro.lv\/ru\/wp-json\/wp\/v2\/product\/52161"}],"collection":[{"href":"https:\/\/rezekne.citro.lv\/ru\/wp-json\/wp\/v2\/product"}],"about":[{"href":"https:\/\/rezekne.citro.lv\/ru\/wp-json\/wp\/v2\/types\/product"}],"wp:featuredmedia":[{"embeddable":true,"href":"https:\/\/rezekne.citro.lv\/ru\/wp-json\/wp\/v2\/media\/52150"}],"wp:attachment":[{"href":"https:\/\/rezekne.citro.lv\/ru\/wp-json\/wp\/v2\/media?parent=52161"}],"wp:term":[{"taxonomy":"product_cat","embeddable":true,"href":"https:\/\/rezekne.citro.lv\/ru\/wp-json\/wp\/v2\/product_cat?post=52161"},{"taxonomy":"product_tag","embeddable":true,"href":"https:\/\/rezekne.citro.lv\/ru\/wp-json\/wp\/v2\/product_tag?post=52161"}],"curies":[{"name":"wp","href":"https:\/\/api.w.org\/{rel}","templated":true}]}}