{"id":52173,"date":"2026-04-23T00:49:08","date_gmt":"2026-04-22T21:49:08","guid":{"rendered":"https:\/\/rezekne.citro.lv\/veikals\/merce-tomatu-sasliku-spilva-530g\/"},"modified":"2026-05-09T06:27:38","modified_gmt":"2026-05-09T03:27:38","slug":"merce-tomatu-sasliku-spilva-530g","status":"publish","type":"product","link":"https:\/\/rezekne.citro.lv\/ru\/product\/merce-tomatu-sasliku-spilva-530g\/","title":{"rendered":"M\u0112RCE TOM\u0100TU \u0160A\u0160LIKU SPILVA 510G"},"content":{"rendered":"<p>Izcelsmes valsts: Latvija<\/p>\n","protected":false},"excerpt":{"rendered":"<p>3.12 \u20ac\/KG<\/p>\n","protected":false},"featured_media":8249,"template":"","meta":{"_acf_changed":false,"inline_featured_image":false},"product_cat":[116,533],"product_tag":[],"acf":[],"aioseo_notices":[],"_links":{"self":[{"href":"https:\/\/rezekne.citro.lv\/ru\/wp-json\/wp\/v2\/product\/52173"}],"collection":[{"href":"https:\/\/rezekne.citro.lv\/ru\/wp-json\/wp\/v2\/product"}],"about":[{"href":"https:\/\/rezekne.citro.lv\/ru\/wp-json\/wp\/v2\/types\/product"}],"wp:featuredmedia":[{"embeddable":true,"href":"https:\/\/rezekne.citro.lv\/ru\/wp-json\/wp\/v2\/media\/8249"}],"wp:attachment":[{"href":"https:\/\/rezekne.citro.lv\/ru\/wp-json\/wp\/v2\/media?parent=52173"}],"wp:term":[{"taxonomy":"product_cat","embeddable":true,"href":"https:\/\/rezekne.citro.lv\/ru\/wp-json\/wp\/v2\/product_cat?post=52173"},{"taxonomy":"product_tag","embeddable":true,"href":"https:\/\/rezekne.citro.lv\/ru\/wp-json\/wp\/v2\/product_tag?post=52173"}],"curies":[{"name":"wp","href":"https:\/\/api.w.org\/{rel}","templated":true}]}}