{"id":52180,"date":"2026-04-23T01:03:45","date_gmt":"2026-04-22T22:03:45","guid":{"rendered":"https:\/\/rezekne.citro.lv\/veikals\/gardums-silku-filejas-ella-250g\/"},"modified":"2026-05-14T06:28:07","modified_gmt":"2026-05-14T03:28:07","slug":"gardums-silku-filejas-ella-250g","status":"publish","type":"product","link":"https:\/\/rezekne.citro.lv\/ru\/product\/gardums-silku-filejas-ella-250g\/","title":{"rendered":"GARDUMS SI\u013b\u0136U FILEJAS E\u013b\u013b\u0100 250G"},"content":{"rendered":"<p>Izcelsmes valsts: Latvija<\/p>\n","protected":false},"excerpt":{"rendered":"<p>10.36 \u20ac\/KG<\/p>\n","protected":false},"featured_media":52156,"template":"","meta":{"_acf_changed":false,"inline_featured_image":false},"product_cat":[135,136],"product_tag":[],"acf":[],"aioseo_notices":[],"_links":{"self":[{"href":"https:\/\/rezekne.citro.lv\/ru\/wp-json\/wp\/v2\/product\/52180"}],"collection":[{"href":"https:\/\/rezekne.citro.lv\/ru\/wp-json\/wp\/v2\/product"}],"about":[{"href":"https:\/\/rezekne.citro.lv\/ru\/wp-json\/wp\/v2\/types\/product"}],"wp:featuredmedia":[{"embeddable":true,"href":"https:\/\/rezekne.citro.lv\/ru\/wp-json\/wp\/v2\/media\/52156"}],"wp:attachment":[{"href":"https:\/\/rezekne.citro.lv\/ru\/wp-json\/wp\/v2\/media?parent=52180"}],"wp:term":[{"taxonomy":"product_cat","embeddable":true,"href":"https:\/\/rezekne.citro.lv\/ru\/wp-json\/wp\/v2\/product_cat?post=52180"},{"taxonomy":"product_tag","embeddable":true,"href":"https:\/\/rezekne.citro.lv\/ru\/wp-json\/wp\/v2\/product_tag?post=52180"}],"curies":[{"name":"wp","href":"https:\/\/api.w.org\/{rel}","templated":true}]}}