{"id":52397,"date":"2026-05-07T00:16:18","date_gmt":"2026-05-06T21:16:18","guid":{"rendered":"https:\/\/rezekne.citro.lv\/veikals\/siera-desa-kupinata-skelites-150g-jaunpils\/"},"modified":"2026-05-10T06:27:36","modified_gmt":"2026-05-10T03:27:36","slug":"siera-desa-kupinata-skelites-150g-jaunpils","status":"publish","type":"product","link":"https:\/\/rezekne.citro.lv\/ru\/product\/siera-desa-kupinata-skelites-150g-jaunpils\/","title":{"rendered":"SIERA DESA K\u016aPIN\u0100TA \u0160\u0136\u0112L\u012aT\u0112S 150G JAUNPILS"},"content":{"rendered":"<p>Izcelsmes valsts: Igaunija<\/p>\n","protected":false},"excerpt":{"rendered":"<p>7.93 \u20ac\/KG<\/p>\n","protected":false},"featured_media":52370,"template":"","meta":{"_acf_changed":false,"inline_featured_image":false},"product_cat":[95,224],"product_tag":[],"acf":[],"aioseo_notices":[],"_links":{"self":[{"href":"https:\/\/rezekne.citro.lv\/ru\/wp-json\/wp\/v2\/product\/52397"}],"collection":[{"href":"https:\/\/rezekne.citro.lv\/ru\/wp-json\/wp\/v2\/product"}],"about":[{"href":"https:\/\/rezekne.citro.lv\/ru\/wp-json\/wp\/v2\/types\/product"}],"wp:featuredmedia":[{"embeddable":true,"href":"https:\/\/rezekne.citro.lv\/ru\/wp-json\/wp\/v2\/media\/52370"}],"wp:attachment":[{"href":"https:\/\/rezekne.citro.lv\/ru\/wp-json\/wp\/v2\/media?parent=52397"}],"wp:term":[{"taxonomy":"product_cat","embeddable":true,"href":"https:\/\/rezekne.citro.lv\/ru\/wp-json\/wp\/v2\/product_cat?post=52397"},{"taxonomy":"product_tag","embeddable":true,"href":"https:\/\/rezekne.citro.lv\/ru\/wp-json\/wp\/v2\/product_tag?post=52397"}],"curies":[{"name":"wp","href":"https:\/\/api.w.org\/{rel}","templated":true}]}}