{"id":52406,"date":"2024-08-27T11:19:35","date_gmt":"2024-08-27T08:19:35","guid":{"rendered":"https:\/\/rezekne.citro.lv\/veikals\/teja-verhovina-fito-liepu-kumelisu-30g\/"},"modified":"2024-08-27T11:19:36","modified_gmt":"2024-08-27T08:19:36","slug":"teja-verhovina-fito-liepu-kumelisu-30g","status":"publish","type":"product","link":"https:\/\/rezekne.citro.lv\/ru\/product\/teja-verhovina-fito-liepu-kumelisu-30g\/","title":{"rendered":"T\u0112JA VERHOVINA FITO LIEPU KUMEL\u012a\u0160U 30G"},"content":{"rendered":"<p>Izcelsmes valsts: Ukraina<\/p>\n","protected":false},"excerpt":{"rendered":"<p>19.67 \u20ac\/KG<\/p>\n","protected":false},"featured_media":52373,"template":"","meta":{"_acf_changed":false,"inline_featured_image":false},"product_cat":[142,143],"product_tag":[],"acf":[],"aioseo_notices":[],"_links":{"self":[{"href":"https:\/\/rezekne.citro.lv\/ru\/wp-json\/wp\/v2\/product\/52406"}],"collection":[{"href":"https:\/\/rezekne.citro.lv\/ru\/wp-json\/wp\/v2\/product"}],"about":[{"href":"https:\/\/rezekne.citro.lv\/ru\/wp-json\/wp\/v2\/types\/product"}],"wp:featuredmedia":[{"embeddable":true,"href":"https:\/\/rezekne.citro.lv\/ru\/wp-json\/wp\/v2\/media\/52373"}],"wp:attachment":[{"href":"https:\/\/rezekne.citro.lv\/ru\/wp-json\/wp\/v2\/media?parent=52406"}],"wp:term":[{"taxonomy":"product_cat","embeddable":true,"href":"https:\/\/rezekne.citro.lv\/ru\/wp-json\/wp\/v2\/product_cat?post=52406"},{"taxonomy":"product_tag","embeddable":true,"href":"https:\/\/rezekne.citro.lv\/ru\/wp-json\/wp\/v2\/product_tag?post=52406"}],"curies":[{"name":"wp","href":"https:\/\/api.w.org\/{rel}","templated":true}]}}