{"id":52408,"date":"2024-08-27T11:19:37","date_gmt":"2024-08-27T08:19:37","guid":{"rendered":"https:\/\/rezekne.citro.lv\/veikals\/teja-zalu-kumelite-un-klingerites-20x1-5g\/"},"modified":"2024-08-27T11:19:37","modified_gmt":"2024-08-27T08:19:37","slug":"teja-zalu-kumelite-un-klingerites-20x1-5g","status":"publish","type":"product","link":"https:\/\/rezekne.citro.lv\/ru\/product\/teja-zalu-kumelite-un-klingerites-20x1-5g\/","title":{"rendered":"T\u0112JA Z\u0100\u013bU KUMEL\u012aTE UN KLI\u0145\u0122ER\u012aTES 20X1.5G"},"content":{"rendered":"<p>Izcelsmes valsts: Ukraina<\/p>\n","protected":false},"excerpt":{"rendered":"<p>19.67 \u20ac\/KG<\/p>\n","protected":false},"featured_media":52374,"template":"","meta":{"_acf_changed":false,"inline_featured_image":false},"product_cat":[142,143],"product_tag":[],"acf":[],"aioseo_notices":[],"_links":{"self":[{"href":"https:\/\/rezekne.citro.lv\/ru\/wp-json\/wp\/v2\/product\/52408"}],"collection":[{"href":"https:\/\/rezekne.citro.lv\/ru\/wp-json\/wp\/v2\/product"}],"about":[{"href":"https:\/\/rezekne.citro.lv\/ru\/wp-json\/wp\/v2\/types\/product"}],"wp:featuredmedia":[{"embeddable":true,"href":"https:\/\/rezekne.citro.lv\/ru\/wp-json\/wp\/v2\/media\/52374"}],"wp:attachment":[{"href":"https:\/\/rezekne.citro.lv\/ru\/wp-json\/wp\/v2\/media?parent=52408"}],"wp:term":[{"taxonomy":"product_cat","embeddable":true,"href":"https:\/\/rezekne.citro.lv\/ru\/wp-json\/wp\/v2\/product_cat?post=52408"},{"taxonomy":"product_tag","embeddable":true,"href":"https:\/\/rezekne.citro.lv\/ru\/wp-json\/wp\/v2\/product_tag?post=52408"}],"curies":[{"name":"wp","href":"https:\/\/api.w.org\/{rel}","templated":true}]}}