{"id":52552,"date":"2026-04-23T01:03:45","date_gmt":"2026-04-22T22:03:45","guid":{"rendered":"https:\/\/rezekne.citro.lv\/veikals\/kilavas-vina-marinade-rigas-240g-180g\/"},"modified":"2026-05-04T06:26:39","modified_gmt":"2026-05-04T03:26:39","slug":"kilavas-vina-marinade-rigas-240g-180g","status":"publish","type":"product","link":"https:\/\/rezekne.citro.lv\/ru\/product\/kilavas-vina-marinade-rigas-240g-180g\/","title":{"rendered":"\u0136ILAVAS V\u012aNA MARIN\u0100D\u0112 R\u012aGAS 240G\/180G"},"content":{"rendered":"<p>Izcelsmes valsts: Latvija<\/p>\n","protected":false},"excerpt":{"rendered":"<p>10.50 \u20ac\/KG<\/p>\n","protected":false},"featured_media":52597,"template":"","meta":{"_acf_changed":false,"inline_featured_image":false},"product_cat":[135,136],"product_tag":[],"acf":[],"aioseo_notices":[],"_links":{"self":[{"href":"https:\/\/rezekne.citro.lv\/ru\/wp-json\/wp\/v2\/product\/52552"}],"collection":[{"href":"https:\/\/rezekne.citro.lv\/ru\/wp-json\/wp\/v2\/product"}],"about":[{"href":"https:\/\/rezekne.citro.lv\/ru\/wp-json\/wp\/v2\/types\/product"}],"wp:featuredmedia":[{"embeddable":true,"href":"https:\/\/rezekne.citro.lv\/ru\/wp-json\/wp\/v2\/media\/52597"}],"wp:attachment":[{"href":"https:\/\/rezekne.citro.lv\/ru\/wp-json\/wp\/v2\/media?parent=52552"}],"wp:term":[{"taxonomy":"product_cat","embeddable":true,"href":"https:\/\/rezekne.citro.lv\/ru\/wp-json\/wp\/v2\/product_cat?post=52552"},{"taxonomy":"product_tag","embeddable":true,"href":"https:\/\/rezekne.citro.lv\/ru\/wp-json\/wp\/v2\/product_tag?post=52552"}],"curies":[{"name":"wp","href":"https:\/\/api.w.org\/{rel}","templated":true}]}}