{"id":52559,"date":"2021-11-11T16:23:03","date_gmt":"2021-11-11T14:23:03","guid":{"rendered":"https:\/\/rezekne.citro.lv\/veikals\/maize-latvijas-graudu-melna-ar-seklam-340g-latvijasm\/"},"modified":"2021-11-12T11:45:02","modified_gmt":"2021-11-12T09:45:02","slug":"maize-latvijas-graudu-melna-ar-seklam-340g-latvijasm","status":"publish","type":"product","link":"https:\/\/rezekne.citro.lv\/ru\/product\/maize-latvijas-graudu-melna-ar-seklam-340g-latvijasm\/","title":{"rendered":"MAIZE LATVIJAS GRAUDU MELN\u0100 AR S\u0112KL\u0100M 340G LATVIJASM"},"content":{"rendered":"","protected":false},"excerpt":{"rendered":"<p>2.91 \u20ac\/KG<\/p>\n","protected":false},"featured_media":53866,"template":"","meta":{"_acf_changed":false,"inline_featured_image":false},"product_cat":[215,216],"product_tag":[],"acf":[],"aioseo_notices":[],"_links":{"self":[{"href":"https:\/\/rezekne.citro.lv\/ru\/wp-json\/wp\/v2\/product\/52559"}],"collection":[{"href":"https:\/\/rezekne.citro.lv\/ru\/wp-json\/wp\/v2\/product"}],"about":[{"href":"https:\/\/rezekne.citro.lv\/ru\/wp-json\/wp\/v2\/types\/product"}],"wp:featuredmedia":[{"embeddable":true,"href":"https:\/\/rezekne.citro.lv\/ru\/wp-json\/wp\/v2\/media\/53866"}],"wp:attachment":[{"href":"https:\/\/rezekne.citro.lv\/ru\/wp-json\/wp\/v2\/media?parent=52559"}],"wp:term":[{"taxonomy":"product_cat","embeddable":true,"href":"https:\/\/rezekne.citro.lv\/ru\/wp-json\/wp\/v2\/product_cat?post=52559"},{"taxonomy":"product_tag","embeddable":true,"href":"https:\/\/rezekne.citro.lv\/ru\/wp-json\/wp\/v2\/product_tag?post=52559"}],"curies":[{"name":"wp","href":"https:\/\/api.w.org\/{rel}","templated":true}]}}