{"id":52626,"date":"2026-01-02T00:34:22","date_gmt":"2026-01-01T22:34:22","guid":{"rendered":"https:\/\/rezekne.citro.lv\/veikals\/garsvielu-maisijums-salatiem-vegeta-natur-20g\/"},"modified":"2026-01-02T00:34:27","modified_gmt":"2026-01-01T22:34:27","slug":"garsvielu-maisijums-salatiem-vegeta-natur-20g","status":"publish","type":"product","link":"https:\/\/rezekne.citro.lv\/ru\/product\/garsvielu-maisijums-salatiem-vegeta-natur-20g\/","title":{"rendered":"GAR\u0160VIELU MAIS\u012aJUMS SAL\u0100TIEM VEGETA NATUR 20G"},"content":{"rendered":"<p>Izcelsmes valsts: Horv\u0101tija<\/p>\n","protected":false},"excerpt":{"rendered":"<p>37.50 \u20ac\/KG<\/p>\n","protected":false},"featured_media":52672,"template":"","meta":{"_acf_changed":false,"inline_featured_image":false},"product_cat":[116,165],"product_tag":[],"acf":[],"aioseo_notices":[],"_links":{"self":[{"href":"https:\/\/rezekne.citro.lv\/ru\/wp-json\/wp\/v2\/product\/52626"}],"collection":[{"href":"https:\/\/rezekne.citro.lv\/ru\/wp-json\/wp\/v2\/product"}],"about":[{"href":"https:\/\/rezekne.citro.lv\/ru\/wp-json\/wp\/v2\/types\/product"}],"wp:featuredmedia":[{"embeddable":true,"href":"https:\/\/rezekne.citro.lv\/ru\/wp-json\/wp\/v2\/media\/52672"}],"wp:attachment":[{"href":"https:\/\/rezekne.citro.lv\/ru\/wp-json\/wp\/v2\/media?parent=52626"}],"wp:term":[{"taxonomy":"product_cat","embeddable":true,"href":"https:\/\/rezekne.citro.lv\/ru\/wp-json\/wp\/v2\/product_cat?post=52626"},{"taxonomy":"product_tag","embeddable":true,"href":"https:\/\/rezekne.citro.lv\/ru\/wp-json\/wp\/v2\/product_tag?post=52626"}],"curies":[{"name":"wp","href":"https:\/\/api.w.org\/{rel}","templated":true}]}}