{"id":52636,"date":"2024-08-27T11:12:18","date_gmt":"2024-08-27T08:12:18","guid":{"rendered":"https:\/\/rezekne.citro.lv\/veikals\/cepumi-grona-austinas-fudeks-sver-fas\/"},"modified":"2026-04-07T15:00:21","modified_gmt":"2026-04-07T12:00:21","slug":"cepumi-grona-austinas-fudeks-fas-sver","status":"publish","type":"product","link":"https:\/\/rezekne.citro.lv\/ru\/product\/cepumi-grona-austinas-fudeks-fas-sver\/","title":{"rendered":"CEPUMI GRONA AUSTI\u0145AS FUDEKS FAS. SVER."},"content":{"rendered":"<p>Izcelsmes valsts: Ukraina<br \/>Sast\u0101vs:AL KVIE\u0160U MILTI,margar\u012bns,s\u0101ls,sk\u0101b.regul.-citronsk\u0101be,cukurs,OLAS,sviests,arom.-vanil\u012bns.PRODUKTS VAR SATUR\u0112T RIEKSTU,ZEMESRIEKSTU,SEZAMU S\u0112KLU UN SOJAS DA\u013bI\u0145AS.NELIETOT PRODUKTU  ,JA J\u016aMS IR PAAUGSTIN\u0100TA JUT\u012aBA PRET OLU BALTUMU UN PIENA OLBALTUMVIELAM.<\/p>\n","protected":false},"excerpt":{"rendered":"<p>4.59 \u20ac\/KG<\/p>\n","protected":false},"featured_media":53931,"template":"","meta":{"_acf_changed":false,"inline_featured_image":false},"product_cat":[125,139],"product_tag":[],"acf":[],"aioseo_notices":[],"_links":{"self":[{"href":"https:\/\/rezekne.citro.lv\/ru\/wp-json\/wp\/v2\/product\/52636"}],"collection":[{"href":"https:\/\/rezekne.citro.lv\/ru\/wp-json\/wp\/v2\/product"}],"about":[{"href":"https:\/\/rezekne.citro.lv\/ru\/wp-json\/wp\/v2\/types\/product"}],"wp:featuredmedia":[{"embeddable":true,"href":"https:\/\/rezekne.citro.lv\/ru\/wp-json\/wp\/v2\/media\/53931"}],"wp:attachment":[{"href":"https:\/\/rezekne.citro.lv\/ru\/wp-json\/wp\/v2\/media?parent=52636"}],"wp:term":[{"taxonomy":"product_cat","embeddable":true,"href":"https:\/\/rezekne.citro.lv\/ru\/wp-json\/wp\/v2\/product_cat?post=52636"},{"taxonomy":"product_tag","embeddable":true,"href":"https:\/\/rezekne.citro.lv\/ru\/wp-json\/wp\/v2\/product_tag?post=52636"}],"curies":[{"name":"wp","href":"https:\/\/api.w.org\/{rel}","templated":true}]}}