{"id":52643,"date":"2026-02-26T00:47:50","date_gmt":"2026-02-25T22:47:50","guid":{"rendered":"https:\/\/rezekne.citro.lv\/veikals\/merce-saldskaba-rundale-400g\/"},"modified":"2026-02-26T00:47:51","modified_gmt":"2026-02-25T22:47:51","slug":"merce-saldskaba-rundale-400g","status":"publish","type":"product","link":"https:\/\/rezekne.citro.lv\/ru\/product\/merce-saldskaba-rundale-400g\/","title":{"rendered":"M\u0112RCE SALDSK\u0100B\u0100 RUND\u0100LE 400G"},"content":{"rendered":"<p>Izcelsmes valsts: Latvija<\/p>\n","protected":false},"excerpt":{"rendered":"<p>4.73 \u20ac\/KG<\/p>\n","protected":false},"featured_media":52655,"template":"","meta":{"_acf_changed":false,"inline_featured_image":false},"product_cat":[116,208],"product_tag":[],"acf":[],"aioseo_notices":[],"_links":{"self":[{"href":"https:\/\/rezekne.citro.lv\/ru\/wp-json\/wp\/v2\/product\/52643"}],"collection":[{"href":"https:\/\/rezekne.citro.lv\/ru\/wp-json\/wp\/v2\/product"}],"about":[{"href":"https:\/\/rezekne.citro.lv\/ru\/wp-json\/wp\/v2\/types\/product"}],"wp:featuredmedia":[{"embeddable":true,"href":"https:\/\/rezekne.citro.lv\/ru\/wp-json\/wp\/v2\/media\/52655"}],"wp:attachment":[{"href":"https:\/\/rezekne.citro.lv\/ru\/wp-json\/wp\/v2\/media?parent=52643"}],"wp:term":[{"taxonomy":"product_cat","embeddable":true,"href":"https:\/\/rezekne.citro.lv\/ru\/wp-json\/wp\/v2\/product_cat?post=52643"},{"taxonomy":"product_tag","embeddable":true,"href":"https:\/\/rezekne.citro.lv\/ru\/wp-json\/wp\/v2\/product_tag?post=52643"}],"curies":[{"name":"wp","href":"https:\/\/api.w.org\/{rel}","templated":true}]}}