{"id":52787,"date":"2026-04-23T01:32:42","date_gmt":"2026-04-22T22:32:42","guid":{"rendered":"https:\/\/rezekne.citro.lv\/veikals\/krutina-majas-gaume-kg-gpu-nakotne\/"},"modified":"2026-05-15T06:28:47","modified_gmt":"2026-05-15T03:28:47","slug":"krutina-majas-gaume-kg-gpu-nakotne","status":"publish","type":"product","link":"https:\/\/rezekne.citro.lv\/ru\/product\/krutina-majas-gaume-kg-gpu-nakotne\/","title":{"rendered":"KR\u016aTI\u0145A M\u0100JAS GAUM\u0112 KG GPU N\u0100KOTNE"},"content":{"rendered":"<p>Izcelsmes valsts: Latvija<br \/>Ra\u017eot\u0101js Ga\u013cas p\u0101rstr\u0101des uz\u0146\u0113mums N\u0101kotne uzglab\u0101\u0161anas temp.+2-+6C<\/p>\n","protected":false},"excerpt":{"rendered":"<p>10.69 \u20ac\/KG<\/p>\n","protected":false},"featured_media":53964,"template":"","meta":{"_acf_changed":false,"inline_featured_image":false},"product_cat":[135,174],"product_tag":[],"acf":[],"aioseo_notices":[],"_links":{"self":[{"href":"https:\/\/rezekne.citro.lv\/ru\/wp-json\/wp\/v2\/product\/52787"}],"collection":[{"href":"https:\/\/rezekne.citro.lv\/ru\/wp-json\/wp\/v2\/product"}],"about":[{"href":"https:\/\/rezekne.citro.lv\/ru\/wp-json\/wp\/v2\/types\/product"}],"wp:featuredmedia":[{"embeddable":true,"href":"https:\/\/rezekne.citro.lv\/ru\/wp-json\/wp\/v2\/media\/53964"}],"wp:attachment":[{"href":"https:\/\/rezekne.citro.lv\/ru\/wp-json\/wp\/v2\/media?parent=52787"}],"wp:term":[{"taxonomy":"product_cat","embeddable":true,"href":"https:\/\/rezekne.citro.lv\/ru\/wp-json\/wp\/v2\/product_cat?post=52787"},{"taxonomy":"product_tag","embeddable":true,"href":"https:\/\/rezekne.citro.lv\/ru\/wp-json\/wp\/v2\/product_tag?post=52787"}],"curies":[{"name":"wp","href":"https:\/\/api.w.org\/{rel}","templated":true}]}}