{"id":52789,"date":"2021-11-11T16:22:58","date_gmt":"2021-11-11T14:22:58","guid":{"rendered":"https:\/\/rezekne.citro.lv\/veikals\/gala-piradzinu-griezta-k-k-kg-kgs\/"},"modified":"2021-11-14T23:10:44","modified_gmt":"2021-11-14T21:10:44","slug":"gala-piradzinu-griezta-k-k-kg-kgs","status":"publish","type":"product","link":"https:\/\/rezekne.citro.lv\/ru\/product\/gala-piradzinu-griezta-k-k-kg-kgs\/","title":{"rendered":"GA\u013bA P\u012aR\u0100DZI\u0145U GRIEZTA K\/K KG KGS"},"content":{"rendered":"","protected":false},"excerpt":{"rendered":"<p>4.19 \u20ac\/KG<\/p>\n","protected":false},"featured_media":53968,"template":"","meta":{"_acf_changed":false,"inline_featured_image":false},"product_cat":[135,174],"product_tag":[],"acf":[],"aioseo_notices":[],"_links":{"self":[{"href":"https:\/\/rezekne.citro.lv\/ru\/wp-json\/wp\/v2\/product\/52789"}],"collection":[{"href":"https:\/\/rezekne.citro.lv\/ru\/wp-json\/wp\/v2\/product"}],"about":[{"href":"https:\/\/rezekne.citro.lv\/ru\/wp-json\/wp\/v2\/types\/product"}],"wp:featuredmedia":[{"embeddable":true,"href":"https:\/\/rezekne.citro.lv\/ru\/wp-json\/wp\/v2\/media\/53968"}],"wp:attachment":[{"href":"https:\/\/rezekne.citro.lv\/ru\/wp-json\/wp\/v2\/media?parent=52789"}],"wp:term":[{"taxonomy":"product_cat","embeddable":true,"href":"https:\/\/rezekne.citro.lv\/ru\/wp-json\/wp\/v2\/product_cat?post=52789"},{"taxonomy":"product_tag","embeddable":true,"href":"https:\/\/rezekne.citro.lv\/ru\/wp-json\/wp\/v2\/product_tag?post=52789"}],"curies":[{"name":"wp","href":"https:\/\/api.w.org\/{rel}","templated":true}]}}