{"id":52791,"date":"2022-10-02T00:10:25","date_gmt":"2022-10-01T21:10:25","guid":{"rendered":"https:\/\/rezekne.citro.lv\/veikals\/cukgalas-rulete-pikanta-fas-kg\/"},"modified":"2022-11-11T17:10:39","modified_gmt":"2022-11-11T15:10:39","slug":"cukgalas-rulete-pikanta-fas-kg","status":"publish","type":"product","link":"https:\/\/rezekne.citro.lv\/ru\/product\/cukgalas-rulete-pikanta-fas-kg\/","title":{"rendered":"C\u016aKGA\u013bAS RULETE PIKANT\u0100 FAS.KG"},"content":{"rendered":"","protected":false},"excerpt":{"rendered":"<p>6.49 \u20ac\/KG<\/p>\n","protected":false},"featured_media":58543,"template":"","meta":{"_acf_changed":false,"inline_featured_image":false},"product_cat":[135,174],"product_tag":[],"acf":[],"aioseo_notices":[],"_links":{"self":[{"href":"https:\/\/rezekne.citro.lv\/ru\/wp-json\/wp\/v2\/product\/52791"}],"collection":[{"href":"https:\/\/rezekne.citro.lv\/ru\/wp-json\/wp\/v2\/product"}],"about":[{"href":"https:\/\/rezekne.citro.lv\/ru\/wp-json\/wp\/v2\/types\/product"}],"wp:featuredmedia":[{"embeddable":true,"href":"https:\/\/rezekne.citro.lv\/ru\/wp-json\/wp\/v2\/media\/58543"}],"wp:attachment":[{"href":"https:\/\/rezekne.citro.lv\/ru\/wp-json\/wp\/v2\/media?parent=52791"}],"wp:term":[{"taxonomy":"product_cat","embeddable":true,"href":"https:\/\/rezekne.citro.lv\/ru\/wp-json\/wp\/v2\/product_cat?post=52791"},{"taxonomy":"product_tag","embeddable":true,"href":"https:\/\/rezekne.citro.lv\/ru\/wp-json\/wp\/v2\/product_tag?post=52791"}],"curies":[{"name":"wp","href":"https:\/\/api.w.org\/{rel}","templated":true}]}}