{"id":52999,"date":"2026-04-23T01:32:59","date_gmt":"2026-04-22T22:32:59","guid":{"rendered":"https:\/\/rezekne.citro.lv\/veikals\/vafelu-torte-vaverite-laima-350g-2\/"},"modified":"2026-04-24T06:29:09","modified_gmt":"2026-04-24T03:29:09","slug":"vafelu-torte-vaverite-laima-350g","status":"publish","type":"product","link":"https:\/\/rezekne.citro.lv\/ru\/product\/vafelu-torte-vaverite-laima-350g\/","title":{"rendered":"VAFE\u013bU TORTE V\u0100VER\u012aTE LAIMA 350G"},"content":{"rendered":"<p>Izcelsmes valsts: Latvija<\/p>\n","protected":false},"excerpt":{"rendered":"<p>14.26 \u20ac\/KG<\/p>\n","protected":false},"featured_media":53050,"template":"","meta":{"_acf_changed":false,"inline_featured_image":false},"product_cat":[125,139],"product_tag":[],"acf":[],"aioseo_notices":[],"_links":{"self":[{"href":"https:\/\/rezekne.citro.lv\/ru\/wp-json\/wp\/v2\/product\/52999"}],"collection":[{"href":"https:\/\/rezekne.citro.lv\/ru\/wp-json\/wp\/v2\/product"}],"about":[{"href":"https:\/\/rezekne.citro.lv\/ru\/wp-json\/wp\/v2\/types\/product"}],"wp:featuredmedia":[{"embeddable":true,"href":"https:\/\/rezekne.citro.lv\/ru\/wp-json\/wp\/v2\/media\/53050"}],"wp:attachment":[{"href":"https:\/\/rezekne.citro.lv\/ru\/wp-json\/wp\/v2\/media?parent=52999"}],"wp:term":[{"taxonomy":"product_cat","embeddable":true,"href":"https:\/\/rezekne.citro.lv\/ru\/wp-json\/wp\/v2\/product_cat?post=52999"},{"taxonomy":"product_tag","embeddable":true,"href":"https:\/\/rezekne.citro.lv\/ru\/wp-json\/wp\/v2\/product_tag?post=52999"}],"curies":[{"name":"wp","href":"https:\/\/api.w.org\/{rel}","templated":true}]}}