{"id":53024,"date":"2026-04-23T01:32:59","date_gmt":"2026-04-22T22:32:59","guid":{"rendered":"https:\/\/rezekne.citro.lv\/veikals\/sampuns-johnsons-baby-ar-kumelisu-ekstraktu-500ml\/"},"modified":"2026-04-23T01:33:42","modified_gmt":"2026-04-22T22:33:42","slug":"sampuns-johnsons-baby-ar-kumelisu-ekstraktu-500ml","status":"publish","type":"product","link":"https:\/\/rezekne.citro.lv\/ru\/product\/sampuns-johnsons-baby-ar-kumelisu-ekstraktu-500ml\/","title":{"rendered":"\u0160AMP\u016aNS JOHNSON&#8217;S BABY AR KUMEL\u012a\u0160U EKSTRAKTU 500ML"},"content":{"rendered":"<p>Izcelsmes valsts: It\u0101lija<\/p>\n","protected":false},"excerpt":{"rendered":"<p>9.18 \u20ac\/L<\/p>\n","protected":false},"featured_media":53056,"template":"","meta":{"_acf_changed":false,"inline_featured_image":false},"product_cat":[172,189],"product_tag":[],"acf":[],"aioseo_notices":[],"_links":{"self":[{"href":"https:\/\/rezekne.citro.lv\/ru\/wp-json\/wp\/v2\/product\/53024"}],"collection":[{"href":"https:\/\/rezekne.citro.lv\/ru\/wp-json\/wp\/v2\/product"}],"about":[{"href":"https:\/\/rezekne.citro.lv\/ru\/wp-json\/wp\/v2\/types\/product"}],"wp:featuredmedia":[{"embeddable":true,"href":"https:\/\/rezekne.citro.lv\/ru\/wp-json\/wp\/v2\/media\/53056"}],"wp:attachment":[{"href":"https:\/\/rezekne.citro.lv\/ru\/wp-json\/wp\/v2\/media?parent=53024"}],"wp:term":[{"taxonomy":"product_cat","embeddable":true,"href":"https:\/\/rezekne.citro.lv\/ru\/wp-json\/wp\/v2\/product_cat?post=53024"},{"taxonomy":"product_tag","embeddable":true,"href":"https:\/\/rezekne.citro.lv\/ru\/wp-json\/wp\/v2\/product_tag?post=53024"}],"curies":[{"name":"wp","href":"https:\/\/api.w.org\/{rel}","templated":true}]}}