{"id":53035,"date":"2026-02-26T01:15:34","date_gmt":"2026-02-25T23:15:34","guid":{"rendered":"https:\/\/rezekne.citro.lv\/veikals\/riekstu-maisijums-juras-perle-alis-co-150g\/"},"modified":"2026-05-10T06:29:44","modified_gmt":"2026-05-10T03:29:44","slug":"riekstu-maisijums-juras-perle-alis-co-150g","status":"publish","type":"product","link":"https:\/\/rezekne.citro.lv\/ru\/product\/riekstu-maisijums-juras-perle-alis-co-150g\/","title":{"rendered":"RIEKSTU MAIS\u012aJUMS J\u016aRAS P\u0112RLE ALIS CO 150G"},"content":{"rendered":"<p>Izcelsmes valsts: Valsts \u2013 nav zi\u0146u<br \/>Ra\u017eot\u0101js Alis&#038;Co uzglab\u0101\u0161anas temp.+6-+20C<\/p>\n","protected":false},"excerpt":{"rendered":"<p>19.93 \u20ac\/KG<\/p>\n","protected":false},"featured_media":53046,"template":"","meta":{"_acf_changed":false,"inline_featured_image":false},"product_cat":[125,202],"product_tag":[],"acf":[],"aioseo_notices":[],"_links":{"self":[{"href":"https:\/\/rezekne.citro.lv\/ru\/wp-json\/wp\/v2\/product\/53035"}],"collection":[{"href":"https:\/\/rezekne.citro.lv\/ru\/wp-json\/wp\/v2\/product"}],"about":[{"href":"https:\/\/rezekne.citro.lv\/ru\/wp-json\/wp\/v2\/types\/product"}],"wp:featuredmedia":[{"embeddable":true,"href":"https:\/\/rezekne.citro.lv\/ru\/wp-json\/wp\/v2\/media\/53046"}],"wp:attachment":[{"href":"https:\/\/rezekne.citro.lv\/ru\/wp-json\/wp\/v2\/media?parent=53035"}],"wp:term":[{"taxonomy":"product_cat","embeddable":true,"href":"https:\/\/rezekne.citro.lv\/ru\/wp-json\/wp\/v2\/product_cat?post=53035"},{"taxonomy":"product_tag","embeddable":true,"href":"https:\/\/rezekne.citro.lv\/ru\/wp-json\/wp\/v2\/product_tag?post=53035"}],"curies":[{"name":"wp","href":"https:\/\/api.w.org\/{rel}","templated":true}]}}