{"id":53224,"date":"2026-04-23T01:32:59","date_gmt":"2026-04-22T22:32:59","guid":{"rendered":"https:\/\/rezekne.citro.lv\/veikals\/desa-salami-vasalu-varita-ar-melnajiem-pipariem-noo-cepeskungs-90g\/"},"modified":"2026-05-11T06:13:07","modified_gmt":"2026-05-11T03:13:07","slug":"desa-salami-vasalu-varita-ar-melnajiem-pipariem-noo-cepeskungs-90g","status":"publish","type":"product","link":"https:\/\/rezekne.citro.lv\/ru\/product\/desa-salami-vasalu-varita-ar-melnajiem-pipariem-noo-cepeskungs-90g\/","title":{"rendered":"DESA SALAMI VASA\u013bU V\u0100R\u012aTA AR MELNAJIEM PIPARIEM NOO CEPE\u0160KUNGS 90G"},"content":{"rendered":"<p>Izcelsmes valsts: Igaunija<\/p>\n","protected":false},"excerpt":{"rendered":"<p>19.90 \u20ac\/KG<\/p>\n","protected":false},"featured_media":75866,"template":"","meta":{"_acf_changed":false,"inline_featured_image":false},"product_cat":[135,178],"product_tag":[],"acf":[],"aioseo_notices":[],"_links":{"self":[{"href":"https:\/\/rezekne.citro.lv\/ru\/wp-json\/wp\/v2\/product\/53224"}],"collection":[{"href":"https:\/\/rezekne.citro.lv\/ru\/wp-json\/wp\/v2\/product"}],"about":[{"href":"https:\/\/rezekne.citro.lv\/ru\/wp-json\/wp\/v2\/types\/product"}],"wp:featuredmedia":[{"embeddable":true,"href":"https:\/\/rezekne.citro.lv\/ru\/wp-json\/wp\/v2\/media\/75866"}],"wp:attachment":[{"href":"https:\/\/rezekne.citro.lv\/ru\/wp-json\/wp\/v2\/media?parent=53224"}],"wp:term":[{"taxonomy":"product_cat","embeddable":true,"href":"https:\/\/rezekne.citro.lv\/ru\/wp-json\/wp\/v2\/product_cat?post=53224"},{"taxonomy":"product_tag","embeddable":true,"href":"https:\/\/rezekne.citro.lv\/ru\/wp-json\/wp\/v2\/product_tag?post=53224"}],"curies":[{"name":"wp","href":"https:\/\/api.w.org\/{rel}","templated":true}]}}