{"id":53226,"date":"2026-04-09T00:18:07","date_gmt":"2026-04-08T21:18:07","guid":{"rendered":"https:\/\/rezekne.citro.lv\/veikals\/desa-salami-vasalu-varita-ar-sieru-noo-cepeskungs-90g\/"},"modified":"2026-04-09T06:29:47","modified_gmt":"2026-04-09T03:29:47","slug":"desa-salami-vasalu-varita-ar-sieru-noo-cepeskungs-90g","status":"publish","type":"product","link":"https:\/\/rezekne.citro.lv\/ru\/product\/desa-salami-vasalu-varita-ar-sieru-noo-cepeskungs-90g\/","title":{"rendered":"DESA SALAMI VASA\u013bU V\u0100R\u012aTA AR SIERU NOO CEPE\u0160KUNGS 90G"},"content":{"rendered":"<p>Izcelsmes valsts: Igaunija<\/p>\n","protected":false},"excerpt":{"rendered":"<p>17.22 \u20ac\/KG<\/p>\n","protected":false},"featured_media":72233,"template":"","meta":{"_acf_changed":false,"inline_featured_image":false},"product_cat":[135,178],"product_tag":[],"acf":[],"aioseo_notices":[],"_links":{"self":[{"href":"https:\/\/rezekne.citro.lv\/ru\/wp-json\/wp\/v2\/product\/53226"}],"collection":[{"href":"https:\/\/rezekne.citro.lv\/ru\/wp-json\/wp\/v2\/product"}],"about":[{"href":"https:\/\/rezekne.citro.lv\/ru\/wp-json\/wp\/v2\/types\/product"}],"wp:featuredmedia":[{"embeddable":true,"href":"https:\/\/rezekne.citro.lv\/ru\/wp-json\/wp\/v2\/media\/72233"}],"wp:attachment":[{"href":"https:\/\/rezekne.citro.lv\/ru\/wp-json\/wp\/v2\/media?parent=53226"}],"wp:term":[{"taxonomy":"product_cat","embeddable":true,"href":"https:\/\/rezekne.citro.lv\/ru\/wp-json\/wp\/v2\/product_cat?post=53226"},{"taxonomy":"product_tag","embeddable":true,"href":"https:\/\/rezekne.citro.lv\/ru\/wp-json\/wp\/v2\/product_tag?post=53226"}],"curies":[{"name":"wp","href":"https:\/\/api.w.org\/{rel}","templated":true}]}}